{"id":6680,"date":"2019-05-08T09:59:31","date_gmt":"2019-05-08T09:59:31","guid":{"rendered":"https:\/\/www.elisabetbach.com\/serveis\/conferencies-i-formacions-per-a-entitats\/"},"modified":"2019-06-10T10:01:39","modified_gmt":"2019-06-10T10:01:39","slug":"conferences-and-training-actions-for-entities","status":"publish","type":"page","link":"https:\/\/www.elisabetbach.com\/en\/serveis\/conferences-and-training-actions-for-entities\/","title":{"rendered":"Conferences and training actions for entities"},"content":{"rendered":"<div class=\"wpb-content-wrapper\"><p>[vc_row full_width=&#8221;stretch_row_content_no_spaces&#8221; content_placement=&#8221;middle&#8221; css=&#8221;.vc_custom_1557327254047{padding-top: 100px !important;padding-bottom: 100px !important;background: #c1bfc0 url(https:\/\/www.elisabetbach.com\/wp-content\/uploads\/2019\/05\/conferencias.jpg?id=6419) !important;}&#8221;][vc_column width=&#8221;1\/6&#8243; css=&#8221;.vc_custom_1555580814457{margin-top: 0px !important;margin-bottom: 0px !important;padding-top: 0px !important;padding-bottom: 0px !important;}&#8221;][\/vc_column][vc_column width=&#8221;2\/3&#8243; css=&#8221;.vc_custom_1555580909828{margin-top: 0px !important;margin-bottom: 0px !important;padding-top: 0px !important;padding-right: 30px !important;padding-bottom: 0px !important;padding-left: 30px !important;}&#8221;][vc_column_text]<\/p>\n<h3 style=\"text-align: center;\"><span style=\"color: #ffffff;\">Services<\/span><\/h3>\n<h1 style=\"text-align: center;\"><span style=\"color: #ffffff;\">Conferences and training actions for companies<\/span><\/h1>\n<p>[\/vc_column_text][\/vc_column][vc_column width=&#8221;1\/6&#8243;][\/vc_column][\/vc_row][vc_row full_width=&#8221;stretch_row_content_no_spaces&#8221; content_placement=&#8221;middle&#8221; css=&#8221;.vc_custom_1557327874837{padding-top: 60px !important;}&#8221;][vc_column width=&#8221;1\/6&#8243; css=&#8221;.vc_custom_1555580814457{margin-top: 0px !important;margin-bottom: 0px !important;padding-top: 0px !important;padding-bottom: 0px !important;}&#8221;][\/vc_column][vc_column width=&#8221;2\/3&#8243; css=&#8221;.vc_custom_1555580909828{margin-top: 0px !important;margin-bottom: 0px !important;padding-top: 0px !important;padding-right: 30px !important;padding-bottom: 0px !important;padding-left: 30px !important;}&#8221;][vc_column_text]<\/p>\n<h2 style=\"text-align: center;\">How would a company change if it had access to practical, easily understood training actions and the appropriate management tools?<\/h2>\n<p>[\/vc_column_text][\/vc_column][vc_column width=&#8221;1\/6&#8243;][\/vc_column][\/vc_row][vc_row content_placement=&#8221;middle&#8221; css=&#8221;.vc_custom_1557327862780{padding-top: 60px !important;padding-bottom: 30px !important;}&#8221;][vc_column width=&#8221;1\/2&#8243; css=&#8221;.vc_custom_1555580814457{margin-top: 0px !important;margin-bottom: 0px !important;padding-top: 0px !important;padding-bottom: 0px !important;}&#8221;][vc_column_text]You don\u2019t have to imagine it, as these training actions exist. Additionally, our conferences and training actions help self-employed professionals and people who manage micro-companies to move from an individual vision to a business-oriented vision, in order to better organise and manage the growth of their business.[\/vc_column_text][\/vc_column][vc_column width=&#8221;1\/2&#8243; css=&#8221;.vc_custom_1555580909828{margin-top: 0px !important;margin-bottom: 0px !important;padding-top: 0px !important;padding-right: 30px !important;padding-bottom: 0px !important;padding-left: 30px !important;}&#8221;][vc_column_text]If you are an entity, professional association or education centre and are thinking of including a lecture in your event or in providing a training action for your associates, we would love to collaborate with you.[\/vc_column_text][\/vc_column][\/vc_row][vc_row full_width=&#8221;stretch_row&#8221; content_placement=&#8221;middle&#8221; css=&#8221;.vc_custom_1557391275371{padding-top: 60px !important;padding-bottom: 60px !important;background-color: #eeeeee !important;}&#8221;][vc_column css=&#8221;.vc_custom_1555580814457{margin-top: 0px !important;margin-bottom: 0px !important;padding-top: 0px !important;padding-bottom: 0px !important;}&#8221;][vc_column_text]<\/p>\n<h3 style=\"text-align: center;\">Discover some of our lectures and conferences:<\/h3>\n<p>[\/vc_column_text][vc_row_inner equal_height=&#8221;yes&#8221; content_placement=&#8221;middle&#8221; gap=&#8221;20&#8243; css=&#8221;.vc_custom_1557395284345{margin-bottom: 0px !important;}&#8221;][vc_column_inner width=&#8221;1\/2&#8243; css=&#8221;.vc_custom_1557395182563{padding-right: 25px !important;padding-left: 25px !important;background-color: #ffffff !important;border-radius: 25px !important;}&#8221;][vc_column_text]<\/p>\n<h4 style=\"text-align: left;\">Enterprising entails: Creation, Growth, Consolidation<\/h4>\n<p>[\/vc_column_text][vc_btn title=&#8221;More Information&#8221; style=&#8221;flat&#8221; color=&#8221;warning&#8221; link=&#8221;url:https%3A%2F%2Fwww.youtube.com%2Fwatch%3Fv%3DfSK034C0JOY|||&#8221;][\/vc_column_inner][vc_column_inner width=&#8221;1\/2&#8243; css=&#8221;.vc_custom_1557395189531{padding-right: 25px !important;padding-left: 25px !important;background-color: #ffffff !important;border-radius: 25px !important;}&#8221;][vc_column_text]<\/p>\n<h4 style=\"text-align: left;\">10 key factors for success in growing your business<\/h4>\n<p>[\/vc_column_text][vc_btn title=&#8221;More Information&#8221; style=&#8221;flat&#8221; color=&#8221;warning&#8221; link=&#8221;url:https%3A%2F%2Fwww.youtube.com%2Fwatch%3Fv%3D9CpAVQIbrtc|||&#8221;][\/vc_column_inner][\/vc_row_inner][vc_row_inner equal_height=&#8221;yes&#8221; content_placement=&#8221;middle&#8221; gap=&#8221;20&#8243;][vc_column_inner width=&#8221;1\/2&#8243; css=&#8221;.vc_custom_1557395182563{padding-right: 25px !important;padding-left: 25px !important;background-color: #ffffff !important;border-radius: 25px !important;}&#8221;][vc_column_text]<\/p>\n<h4 style=\"text-align: left;\">10 most common mistakes in the financial monitoring of a business<\/h4>\n<p>[\/vc_column_text][vc_btn title=&#8221;More Information&#8221; style=&#8221;flat&#8221; color=&#8221;warning&#8221; link=&#8221;url:https%3A%2F%2Fwww.youtube.com%2Fwatch%3Fv%3DtAS4B7hoiUY|||&#8221;][\/vc_column_inner][vc_column_inner width=&#8221;1\/2&#8243; css=&#8221;.vc_custom_1557395189531{padding-right: 25px !important;padding-left: 25px !important;background-color: #ffffff !important;border-radius: 25px !important;}&#8221;][vc_column_text]<\/p>\n<h4 style=\"text-align: left;\">Thoughts of an entrepreneurial mother<\/h4>\n<p>[\/vc_column_text][vc_btn title=&#8221;More Information&#8221; style=&#8221;flat&#8221; color=&#8221;warning&#8221; link=&#8221;url:%2Fcontacte%2F|||&#8221;][\/vc_column_inner][\/vc_row_inner][\/vc_column][\/vc_row][vc_row css=&#8221;.vc_custom_1554199177676{padding-top: 60px !important;}&#8221;][vc_column][vc_column_text]<\/p>\n<h2 style=\"text-align: center;\">What are the benefits?<\/h2>\n<p>[\/vc_column_text][vc_row_inner][vc_column_inner width=&#8221;1\/3&#8243;]<div class=\"icon_box icon_position_top no_border\"><div class=\"icon_wrapper\"><div class=\"icon\"><i class=\"icon-suitcase\" aria-hidden=\"true\"><\/i><\/div><\/div><div class=\"desc_wrapper\"><div class=\"desc\">Specially chosen tools adapted to self-employed professionals and micro-companies<\/div><\/div><\/div>\n[\/vc_column_inner][vc_column_inner width=&#8221;1\/3&#8243;]<div class=\"icon_box icon_position_top no_border\"><div class=\"icon_wrapper\"><div class=\"icon\"><i class=\"icon-check\" aria-hidden=\"true\"><\/i><\/div><\/div><div class=\"desc_wrapper\"><div class=\"desc\">Real and sector-related examples. Your audience will feel identified with them<\/div><\/div><\/div>\n[\/vc_column_inner][vc_column_inner width=&#8221;1\/3&#8243;]<div class=\"icon_box icon_position_top no_border\"><div class=\"icon_wrapper\"><div class=\"icon\"><i class=\"icon-comment-empty-fa\" aria-hidden=\"true\"><\/i><\/div><\/div><div class=\"desc_wrapper\"><div class=\"desc\">Simple language, without technicalities<\/div><\/div><\/div>\n[\/vc_column_inner][\/vc_row_inner][vc_row_inner][vc_column_inner width=&#8221;1\/3&#8243;]<div class=\"icon_box icon_position_top no_border\"><div class=\"icon_wrapper\"><div class=\"icon\"><i class=\"icon-params-line\" aria-hidden=\"true\"><\/i><\/div><\/div><div class=\"desc_wrapper\"><div class=\"desc\">Tailored. Customisable<\/div><\/div><\/div>\n[\/vc_column_inner][vc_column_inner width=&#8221;1\/3&#8243;]<div class=\"icon_box icon_position_top no_border\"><div class=\"icon_wrapper\"><div class=\"icon\"><i class=\"icon-heart-empty-fa\" aria-hidden=\"true\"><\/i><\/div><\/div><div class=\"desc_wrapper\"><div class=\"desc\">Helping to foster a feeling of belonging to the entity<\/div><\/div><\/div>\n[\/vc_column_inner][vc_column_inner width=&#8221;1\/3&#8243;]<div class=\"icon_box icon_position_top no_border\"><div class=\"icon_wrapper\"><div class=\"icon\"><i class=\"icon-retweet\" aria-hidden=\"true\"><\/i><\/div><\/div><div class=\"desc_wrapper\"><div class=\"desc\">Promoting networking and networks<\/div><\/div><\/div>\n[\/vc_column_inner][\/vc_row_inner][\/vc_column][\/vc_row][vc_row full_width=&#8221;stretch_row&#8221; css=&#8221;.vc_custom_1557393477003{padding-top: 60px !important;padding-bottom: 60px !important;background-color: #eeeeee !important;}&#8221;][vc_column][vc_column_text]<\/p>\n<h2 style=\"text-align: center;\">Entities that have already trusted our proposal<\/h2>\n<p>[\/vc_column_text][vc_empty_space][vc_images_carousel images=&#8221;6437,6441,6445,6449,6453,6457,6461&#8243; img_size=&#8221;full&#8221; onclick=&#8221;link_no&#8221; slides_per_view=&#8221;5&#8243; autoplay=&#8221;yes&#8221; hide_prev_next_buttons=&#8221;yes&#8221; wrap=&#8221;yes&#8221;][\/vc_column][\/vc_row][vc_row full_width=&#8221;stretch_row_content_no_spaces&#8221; content_placement=&#8221;middle&#8221; parallax=&#8221;content-moving&#8221; parallax_image=&#8221;6057&#8243; css=&#8221;.vc_custom_1556095084515{border-top-width: 1px !important;padding-top: 40px !important;padding-bottom: 40px !important;border-top-color: #ededed !important;}&#8221;][vc_column width=&#8221;2\/6&#8243;][\/vc_column][vc_column width=&#8221;3\/6&#8243;][vc_empty_space][vc_column_text]<\/p>\n<h3>Are you an entity dedicated to entrepreneurship and are wanting to expand your technicians\u2019 training in business growth and consolidation?<\/h3>\n<p>Check-out out specialised training programmes.[\/vc_column_text]\n<div class=\"wpcf7 no-js\" id=\"wpcf7-f6771-o1\" lang=\"ca\" dir=\"ltr\" data-wpcf7-id=\"6771\">\n<div class=\"screen-reader-response\"><p role=\"status\" aria-live=\"polite\" aria-atomic=\"true\"><\/p> <ul><\/ul><\/div>\n<form action=\"\/en\/wp-json\/wp\/v2\/pages\/6680#wpcf7-f6771-o1\" method=\"post\" class=\"wpcf7-form init\" aria-label=\"Formulari de contacte\" novalidate=\"novalidate\" data-status=\"init\">\n<fieldset class=\"hidden-fields-container\"><input type=\"hidden\" name=\"_wpcf7\" value=\"6771\" \/><input type=\"hidden\" name=\"_wpcf7_version\" value=\"6.1.5\" \/><input type=\"hidden\" name=\"_wpcf7_locale\" value=\"ca\" \/><input type=\"hidden\" name=\"_wpcf7_unit_tag\" value=\"wpcf7-f6771-o1\" \/><input type=\"hidden\" name=\"_wpcf7_container_post\" value=\"0\" \/><input type=\"hidden\" name=\"_wpcf7_posted_data_hash\" value=\"\" \/><input type=\"hidden\" name=\"_wpcf7_recaptcha_response\" value=\"\" \/>\n<\/fieldset>\n<p><label for=\"your-name\">Name *<\/label><br \/>\n<span class=\"wpcf7-form-control-wrap\" data-name=\"your-name\"><input size=\"40\" maxlength=\"400\" class=\"wpcf7-form-control wpcf7-text wpcf7-validates-as-required\" id=\"your-name\" aria-required=\"true\" aria-invalid=\"false\" value=\"Name\" type=\"text\" name=\"your-name\" \/><\/span>\n<\/p>\n<p><label for=\"your-email\">Email *<\/label><br \/>\n<span class=\"wpcf7-form-control-wrap\" data-name=\"your-email\"><input size=\"40\" maxlength=\"400\" class=\"wpcf7-form-control wpcf7-email wpcf7-validates-as-required wpcf7-text wpcf7-validates-as-email\" id=\"your-email\" aria-required=\"true\" aria-invalid=\"false\" value=\"Email\" type=\"email\" name=\"your-email\" \/><\/span>\n<\/p>\n<p><label for=\"your-subject\">Subject *<\/label><br \/>\n<span class=\"wpcf7-form-control-wrap\" data-name=\"your-subject\"><input size=\"40\" maxlength=\"400\" class=\"wpcf7-form-control wpcf7-text wpcf7-validates-as-required\" id=\"your-subject\" aria-required=\"true\" aria-invalid=\"false\" value=\"Subject\" type=\"text\" name=\"your-subject\" \/><\/span>\n<\/p>\n<p><label for=\"your-message\">Message *<\/label><br \/>\n<span class=\"wpcf7-form-control-wrap\" data-name=\"your-message\"><textarea cols=\"40\" rows=\"10\" maxlength=\"2000\" class=\"wpcf7-form-control wpcf7-textarea wpcf7-validates-as-required\" id=\"your-message\" aria-required=\"true\" aria-invalid=\"false\" name=\"your-message\">Message<\/textarea><\/span>\n<\/p>\n<p><b>CONSENTIMIENTO INFORMADO Y EXPRESO<\/b>\n<\/p>\n<p>ELISABET BACH OLLER, como responsable del tratamiento, tratar\u00e1 tus datos con la finalidad de dar respuesta a tu consulta o petici\u00f3n. La base leg\u00edtima es tu consentimiento el cual puedes revocar en cualquier momento comunic\u00e1ndolo <a href=\"mailto:info@elisabetbach.com\">info@elisabetbach.com<\/a>. No se ceder\u00e1n datos a terceros salvo obligaci\u00f3n legal. Puedes acceder, rectificar y suprimir tus datos, as\u00ed como ejercer otros derechos consultando la informaci\u00f3n adicional y detallada sobre protecci\u00f3n de datos en nuestra <a href=\"\/politica-de-privacidad\/\">Pol\u00edtica de Privacidad<\/a>.\n<\/p>\n<p><span class=\"wpcf7-form-control-wrap\" data-name=\"acceptance\"><span class=\"wpcf7-form-control wpcf7-acceptance\"><span class=\"wpcf7-list-item\"><label><input type=\"checkbox\" name=\"acceptance\" value=\"1\" aria-invalid=\"false\" \/><span class=\"wpcf7-list-item-label\">He le\u00eddo y acepto las condiciones contenidas en la <a href=\"\/politica-de-privacidad\/\">Pol\u00edtica de Privacidad<\/a> sobre el tratamiento de mis datos para gestionar mi consulta o petici\u00f3n. (*)<\/span><\/label><\/span><\/span><\/span>\n<\/p>\n<p><span class=\"wpcf7-form-control-wrap\" data-name=\"newsletter\"><span class=\"wpcf7-form-control wpcf7-acceptance optional\"><span class=\"wpcf7-list-item\"><label><input type=\"checkbox\" name=\"newsletter\" value=\"1\" aria-invalid=\"false\" \/><span class=\"wpcf7-list-item-label\">Nos gustar\u00eda que nos prestaras tu consentimiento para: Enviarte informaci\u00f3n comercial sobre los productos, servicios, novedades de ELISABET BACH OLLER.<\/span><\/label><\/span><\/span><\/span>\n<\/p>\n<p><i>* Campos obligatorios<\/i>\n<\/p>\n\n<p><input class=\"wpcf7-form-control wpcf7-submit has-spinner\" type=\"submit\" value=\"Send\" \/>\n<\/p><div class=\"wpcf7-response-output\" aria-hidden=\"true\"><\/div>\n<\/form>\n<\/div>\n[\/vc_column][vc_column width=&#8221;1\/6&#8243;][\/vc_column][\/vc_row]<\/p>\n<\/div>","protected":false},"excerpt":{"rendered":"<p>[vc_row full_width=&#8221;stretch_row_content_no_spaces&#8221; content_placement=&#8221;middle&#8221; css=&#8221;.vc_custom_1557327254047{padding-top: 100px !important;padding-bottom: 100px !important;background: #c1bfc0 url(https:\/\/www.elisabetbach.com\/wp-content\/uploads\/2019\/05\/conferencias.jpg?id=6419) !important;}&#8221;][vc_column width=&#8221;1\/6&#8243; css=&#8221;.vc_custom_1555580814457{margin-top: 0px !important;margin-bottom: 0px !important;padding-top: 0px !important;padding-bottom: 0px !important;}&#8221;][\/vc_column][vc_column width=&#8221;2\/3&#8243; css=&#8221;.vc_custom_1555580909828{margin-top: 0px !important;margin-bottom: 0px<span class=\"excerpt-hellip\"> [\u2026]<\/span><\/p>\n","protected":false},"author":1,"featured_media":0,"parent":6674,"menu_order":0,"comment_status":"closed","ping_status":"closed","template":"","meta":{"footnotes":""},"class_list":["post-6680","page","type-page","status-publish","hentry"],"yoast_head":"<!-- This site is optimized with the Yoast SEO plugin v27.4 - https:\/\/yoast.com\/product\/yoast-seo-wordpress\/ -->\n<title>Conferences and training actions for entities - Elisabet Bach<\/title>\n<meta name=\"robots\" content=\"index, follow, max-snippet:-1, max-image-preview:large, max-video-preview:-1\" \/>\n<link rel=\"canonical\" href=\"https:\/\/www.elisabetbach.com\/en\/serveis\/conferences-and-training-actions-for-entities\/\" \/>\n<meta property=\"og:locale\" content=\"en_US\" \/>\n<meta property=\"og:type\" content=\"article\" \/>\n<meta property=\"og:title\" content=\"Conferences and training actions for entities - Elisabet Bach\" \/>\n<meta property=\"og:description\" content=\"[vc_row full_width=&#8221;stretch_row_content_no_spaces&#8221; content_placement=&#8221;middle&#8221; css=&#8221;.vc_custom_1557327254047{padding-top: 100px !important;padding-bottom: 100px !important;background: #c1bfc0 url(https:\/\/www.elisabetbach.com\/wp-content\/uploads\/2019\/05\/conferencias.jpg?id=6419) !important;}&#8221;][vc_column width=&#8221;1\/6&#8243; css=&#8221;.vc_custom_1555580814457{margin-top: 0px !important;margin-bottom: 0px !important;padding-top: 0px !important;padding-bottom: 0px !important;}&#8221;][\/vc_column][vc_column width=&#8221;2\/3&#8243; css=&#8221;.vc_custom_1555580909828{margin-top: 0px !important;margin-bottom: 0px [\u2026]\" \/>\n<meta property=\"og:url\" content=\"https:\/\/www.elisabetbach.com\/en\/serveis\/conferences-and-training-actions-for-entities\/\" \/>\n<meta property=\"og:site_name\" content=\"Elisabet Bach\" \/>\n<meta property=\"article:publisher\" content=\"https:\/\/www.facebook.com\/elisabetbacholler\/\" \/>\n<meta property=\"article:modified_time\" content=\"2019-06-10T10:01:39+00:00\" \/>\n<meta name=\"twitter:label1\" content=\"Est. reading time\" \/>\n\t<meta name=\"twitter:data1\" content=\"5 minutes\" \/>\n<script type=\"application\/ld+json\" class=\"yoast-schema-graph\">{\"@context\":\"https:\\\/\\\/schema.org\",\"@graph\":[{\"@type\":\"WebPage\",\"@id\":\"https:\\\/\\\/www.elisabetbach.com\\\/en\\\/serveis\\\/conferences-and-training-actions-for-entities\\\/\",\"url\":\"https:\\\/\\\/www.elisabetbach.com\\\/en\\\/serveis\\\/conferences-and-training-actions-for-entities\\\/\",\"name\":\"Conferences and training actions for entities - Elisabet Bach\",\"isPartOf\":{\"@id\":\"https:\\\/\\\/www.elisabetbach.com\\\/#website\"},\"datePublished\":\"2019-05-08T09:59:31+00:00\",\"dateModified\":\"2019-06-10T10:01:39+00:00\",\"breadcrumb\":{\"@id\":\"https:\\\/\\\/www.elisabetbach.com\\\/en\\\/serveis\\\/conferences-and-training-actions-for-entities\\\/#breadcrumb\"},\"inLanguage\":\"en-US\",\"potentialAction\":[{\"@type\":\"ReadAction\",\"target\":[\"https:\\\/\\\/www.elisabetbach.com\\\/en\\\/serveis\\\/conferences-and-training-actions-for-entities\\\/\"]}]},{\"@type\":\"BreadcrumbList\",\"@id\":\"https:\\\/\\\/www.elisabetbach.com\\\/en\\\/serveis\\\/conferences-and-training-actions-for-entities\\\/#breadcrumb\",\"itemListElement\":[{\"@type\":\"ListItem\",\"position\":1,\"name\":\"Inici\",\"item\":\"https:\\\/\\\/www.elisabetbach.com\\\/en\\\/\"},{\"@type\":\"ListItem\",\"position\":2,\"name\":\"Services\",\"item\":\"https:\\\/\\\/www.elisabetbach.com\\\/en\\\/serveis\\\/\"},{\"@type\":\"ListItem\",\"position\":3,\"name\":\"Conferences and training actions for entities\"}]},{\"@type\":\"WebSite\",\"@id\":\"https:\\\/\\\/www.elisabetbach.com\\\/#website\",\"url\":\"https:\\\/\\\/www.elisabetbach.com\\\/\",\"name\":\"Elisabet Bach\",\"description\":\"Consultora Econ\u00f2mica i Financera\",\"publisher\":{\"@id\":\"https:\\\/\\\/www.elisabetbach.com\\\/#organization\"},\"potentialAction\":[{\"@type\":\"SearchAction\",\"target\":{\"@type\":\"EntryPoint\",\"urlTemplate\":\"https:\\\/\\\/www.elisabetbach.com\\\/?s={search_term_string}\"},\"query-input\":{\"@type\":\"PropertyValueSpecification\",\"valueRequired\":true,\"valueName\":\"search_term_string\"}}],\"inLanguage\":\"en-US\"},{\"@type\":\"Organization\",\"@id\":\"https:\\\/\\\/www.elisabetbach.com\\\/#organization\",\"name\":\"Elisabet Bach\",\"url\":\"https:\\\/\\\/www.elisabetbach.com\\\/\",\"logo\":{\"@type\":\"ImageObject\",\"inLanguage\":\"en-US\",\"@id\":\"https:\\\/\\\/www.elisabetbach.com\\\/#\\\/schema\\\/logo\\\/image\\\/\",\"url\":\"https:\\\/\\\/www.elisabetbach.com\\\/wp-content\\\/uploads\\\/2014\\\/03\\\/logo.png\",\"contentUrl\":\"https:\\\/\\\/www.elisabetbach.com\\\/wp-content\\\/uploads\\\/2014\\\/03\\\/logo.png\",\"width\":308,\"height\":49,\"caption\":\"Elisabet Bach\"},\"image\":{\"@id\":\"https:\\\/\\\/www.elisabetbach.com\\\/#\\\/schema\\\/logo\\\/image\\\/\"},\"sameAs\":[\"https:\\\/\\\/www.facebook.com\\\/elisabetbacholler\\\/\",\"https:\\\/\\\/x.com\\\/elisabet_bach\",\"https:\\\/\\\/www.linkedin.com\\\/in\\\/elisabetbachconsultant\\\/\",\"https:\\\/\\\/www.youtube.com\\\/channel\\\/UCaoleye0jmPoR0_FLWsGa8Q\"]}]}<\/script>\n<!-- \/ Yoast SEO plugin. -->","yoast_head_json":{"title":"Conferences and training actions for entities - Elisabet Bach","robots":{"index":"index","follow":"follow","max-snippet":"max-snippet:-1","max-image-preview":"max-image-preview:large","max-video-preview":"max-video-preview:-1"},"canonical":"https:\/\/www.elisabetbach.com\/en\/serveis\/conferences-and-training-actions-for-entities\/","og_locale":"en_US","og_type":"article","og_title":"Conferences and training actions for entities - Elisabet Bach","og_description":"[vc_row full_width=&#8221;stretch_row_content_no_spaces&#8221; content_placement=&#8221;middle&#8221; css=&#8221;.vc_custom_1557327254047{padding-top: 100px !important;padding-bottom: 100px !important;background: #c1bfc0 url(https:\/\/www.elisabetbach.com\/wp-content\/uploads\/2019\/05\/conferencias.jpg?id=6419) !important;}&#8221;][vc_column width=&#8221;1\/6&#8243; css=&#8221;.vc_custom_1555580814457{margin-top: 0px !important;margin-bottom: 0px !important;padding-top: 0px !important;padding-bottom: 0px !important;}&#8221;][\/vc_column][vc_column width=&#8221;2\/3&#8243; css=&#8221;.vc_custom_1555580909828{margin-top: 0px !important;margin-bottom: 0px [\u2026]","og_url":"https:\/\/www.elisabetbach.com\/en\/serveis\/conferences-and-training-actions-for-entities\/","og_site_name":"Elisabet Bach","article_publisher":"https:\/\/www.facebook.com\/elisabetbacholler\/","article_modified_time":"2019-06-10T10:01:39+00:00","twitter_misc":{"Est. reading time":"5 minutes"},"schema":{"@context":"https:\/\/schema.org","@graph":[{"@type":"WebPage","@id":"https:\/\/www.elisabetbach.com\/en\/serveis\/conferences-and-training-actions-for-entities\/","url":"https:\/\/www.elisabetbach.com\/en\/serveis\/conferences-and-training-actions-for-entities\/","name":"Conferences and training actions for entities - Elisabet Bach","isPartOf":{"@id":"https:\/\/www.elisabetbach.com\/#website"},"datePublished":"2019-05-08T09:59:31+00:00","dateModified":"2019-06-10T10:01:39+00:00","breadcrumb":{"@id":"https:\/\/www.elisabetbach.com\/en\/serveis\/conferences-and-training-actions-for-entities\/#breadcrumb"},"inLanguage":"en-US","potentialAction":[{"@type":"ReadAction","target":["https:\/\/www.elisabetbach.com\/en\/serveis\/conferences-and-training-actions-for-entities\/"]}]},{"@type":"BreadcrumbList","@id":"https:\/\/www.elisabetbach.com\/en\/serveis\/conferences-and-training-actions-for-entities\/#breadcrumb","itemListElement":[{"@type":"ListItem","position":1,"name":"Inici","item":"https:\/\/www.elisabetbach.com\/en\/"},{"@type":"ListItem","position":2,"name":"Services","item":"https:\/\/www.elisabetbach.com\/en\/serveis\/"},{"@type":"ListItem","position":3,"name":"Conferences and training actions for entities"}]},{"@type":"WebSite","@id":"https:\/\/www.elisabetbach.com\/#website","url":"https:\/\/www.elisabetbach.com\/","name":"Elisabet Bach","description":"Consultora Econ\u00f2mica i Financera","publisher":{"@id":"https:\/\/www.elisabetbach.com\/#organization"},"potentialAction":[{"@type":"SearchAction","target":{"@type":"EntryPoint","urlTemplate":"https:\/\/www.elisabetbach.com\/?s={search_term_string}"},"query-input":{"@type":"PropertyValueSpecification","valueRequired":true,"valueName":"search_term_string"}}],"inLanguage":"en-US"},{"@type":"Organization","@id":"https:\/\/www.elisabetbach.com\/#organization","name":"Elisabet Bach","url":"https:\/\/www.elisabetbach.com\/","logo":{"@type":"ImageObject","inLanguage":"en-US","@id":"https:\/\/www.elisabetbach.com\/#\/schema\/logo\/image\/","url":"https:\/\/www.elisabetbach.com\/wp-content\/uploads\/2014\/03\/logo.png","contentUrl":"https:\/\/www.elisabetbach.com\/wp-content\/uploads\/2014\/03\/logo.png","width":308,"height":49,"caption":"Elisabet Bach"},"image":{"@id":"https:\/\/www.elisabetbach.com\/#\/schema\/logo\/image\/"},"sameAs":["https:\/\/www.facebook.com\/elisabetbacholler\/","https:\/\/x.com\/elisabet_bach","https:\/\/www.linkedin.com\/in\/elisabetbachconsultant\/","https:\/\/www.youtube.com\/channel\/UCaoleye0jmPoR0_FLWsGa8Q"]}]}},"_links":{"self":[{"href":"https:\/\/www.elisabetbach.com\/en\/wp-json\/wp\/v2\/pages\/6680","targetHints":{"allow":["GET"]}}],"collection":[{"href":"https:\/\/www.elisabetbach.com\/en\/wp-json\/wp\/v2\/pages"}],"about":[{"href":"https:\/\/www.elisabetbach.com\/en\/wp-json\/wp\/v2\/types\/page"}],"author":[{"embeddable":true,"href":"https:\/\/www.elisabetbach.com\/en\/wp-json\/wp\/v2\/users\/1"}],"replies":[{"embeddable":true,"href":"https:\/\/www.elisabetbach.com\/en\/wp-json\/wp\/v2\/comments?post=6680"}],"version-history":[{"count":3,"href":"https:\/\/www.elisabetbach.com\/en\/wp-json\/wp\/v2\/pages\/6680\/revisions"}],"predecessor-version":[{"id":6792,"href":"https:\/\/www.elisabetbach.com\/en\/wp-json\/wp\/v2\/pages\/6680\/revisions\/6792"}],"up":[{"embeddable":true,"href":"https:\/\/www.elisabetbach.com\/en\/wp-json\/wp\/v2\/pages\/6674"}],"wp:attachment":[{"href":"https:\/\/www.elisabetbach.com\/en\/wp-json\/wp\/v2\/media?parent=6680"}],"curies":[{"name":"wp","href":"https:\/\/api.w.org\/{rel}","templated":true}]}}