{"id":6682,"date":"2019-05-08T09:58:08","date_gmt":"2019-05-08T09:58:08","guid":{"rendered":"https:\/\/www.elisabetbach.com\/serveis\/viabilitat-de-projectes\/"},"modified":"2019-06-10T09:25:24","modified_gmt":"2019-06-10T09:25:24","slug":"project-feasibility-studies","status":"publish","type":"page","link":"https:\/\/www.elisabetbach.com\/en\/serveis\/project-feasibility-studies\/","title":{"rendered":"Project feasibility studies"},"content":{"rendered":"<div class=\"wpb-content-wrapper\"><p>[vc_row full_width=&#8221;stretch_row_content_no_spaces&#8221; content_placement=&#8221;middle&#8221; css=&#8221;.vc_custom_1557320745025{padding-top: 100px !important;padding-bottom: 100px !important;background: #c1bfc0 url(https:\/\/www.elisabetbach.com\/wp-content\/uploads\/2019\/05\/viabilitat.jpg?id=6375) !important;}&#8221;][vc_column width=&#8221;1\/6&#8243; css=&#8221;.vc_custom_1555580814457{margin-top: 0px !important;margin-bottom: 0px !important;padding-top: 0px !important;padding-bottom: 0px !important;}&#8221;][\/vc_column][vc_column width=&#8221;2\/3&#8243; css=&#8221;.vc_custom_1555580909828{margin-top: 0px !important;margin-bottom: 0px !important;padding-top: 0px !important;padding-right: 30px !important;padding-bottom: 0px !important;padding-left: 30px !important;}&#8221;][vc_column_text]<\/p>\n<h3 style=\"text-align: center;\"><span style=\"color: #ffffff;\">Services<\/span><\/h3>\n<h1 style=\"text-align: center;\"><span style=\"color: #ffffff;\">Project feasibility studies<\/span><\/h1>\n<p>[\/vc_column_text][\/vc_column][vc_column width=&#8221;1\/6&#8243;][\/vc_column][\/vc_row][vc_row full_width=&#8221;stretch_row_content_no_spaces&#8221; content_placement=&#8221;middle&#8221; css=&#8221;.vc_custom_1557321902491{padding-top: 60px !important;}&#8221;][vc_column width=&#8221;1\/6&#8243; css=&#8221;.vc_custom_1555580814457{margin-top: 0px !important;margin-bottom: 0px !important;padding-top: 0px !important;padding-bottom: 0px !important;}&#8221;][\/vc_column][vc_column width=&#8221;2\/3&#8243; css=&#8221;.vc_custom_1555580909828{margin-top: 0px !important;margin-bottom: 0px !important;padding-top: 0px !important;padding-right: 30px !important;padding-bottom: 0px !important;padding-left: 30px !important;}&#8221;][vc_column_text]<\/p>\n<h2 style=\"text-align: center;\">Are you an enterprising person who needs to draw-up the economic\/financial plan for your project?<\/h2>\n<p style=\"text-align: center;\">Are you an investor who needs a second opinion regarding a project you have been proposed? Is your company growing and you want to analyse the feasibility and your investment and financing needs?<\/p>\n<p>[\/vc_column_text][\/vc_column][vc_column width=&#8221;1\/6&#8243;][\/vc_column][\/vc_row][vc_row full_width=&#8221;stretch_row&#8221; css=&#8221;.vc_custom_1557312568965{padding-top: 60px !important;padding-bottom: 60px !important;}&#8221;][vc_column][vc_separator css=&#8221;.vc_custom_1557321686317{margin-bottom: 60px !important;}&#8221;][vc_column_text]<\/p>\n<h2 style=\"text-align: center;\">Our services<\/h2>\n<p>[\/vc_column_text][vc_row_inner equal_height=&#8221;yes&#8221; content_placement=&#8221;middle&#8221; css=&#8221;.vc_custom_1557321717278{margin-top: 30px !important;margin-bottom: 0px !important;padding-top: 0px !important;padding-right: 0px !important;padding-bottom: 0px !important;padding-left: 0px !important;}&#8221;][vc_column_inner width=&#8221;1\/2&#8243;][vc_column_text]<\/p>\n<h2 style=\"font-weight: 300;\">Feasibility<\/h2>\n<p>Economic and financial plan for new growth-oriented businesses and <em>startups<\/em>.<\/p>\n<p>Proposals analysis for investors.[\/vc_column_text][vc_btn title=&#8221;Contact&#8221; style=&#8221;flat&#8221; color=&#8221;warning&#8221; link=&#8221;url:%2Fen%2Fcontact%2F|||&#8221;][\/vc_column_inner][vc_column_inner width=&#8221;1\/2&#8243;][vc_single_image image=&#8221;6378&#8243; img_size=&#8221;full&#8221;][\/vc_column_inner][\/vc_row_inner][vc_row_inner equal_height=&#8221;yes&#8221; content_placement=&#8221;middle&#8221; css=&#8221;.vc_custom_1557321465204{margin-top: 0px !important;}&#8221;][vc_column_inner width=&#8221;1\/2&#8243;][vc_single_image image=&#8221;6381&#8243; img_size=&#8221;full&#8221;][\/vc_column_inner][vc_column_inner width=&#8221;1\/2&#8243;][vc_column_text]<\/p>\n<h2 style=\"font-weight: 300;\">Growth<\/h2>\n<p>Diagnosis of the economic situation of the company and five-year projections.[\/vc_column_text][vc_btn title=&#8221;Contact&#8221; style=&#8221;flat&#8221; color=&#8221;warning&#8221; link=&#8221;url:%2Fen%2Fcontact%2F|||&#8221;][\/vc_column_inner][\/vc_row_inner][\/vc_column][\/vc_row][vc_row full_width=&#8221;stretch_row&#8221; css=&#8221;.vc_custom_1557312717055{padding-top: 60px !important;background-color: #eeeeee !important;}&#8221;][vc_column][vc_column_text]<\/p>\n<h2 style=\"text-align: center;\">Our advantages<\/h2>\n<p>[\/vc_column_text][vc_row_inner][vc_column_inner width=&#8221;1\/4&#8243;]<div class=\"icon_box icon_position_top no_border\"><div class=\"icon_wrapper\"><div class=\"icon\"><i class=\"icon-users\" aria-hidden=\"true\"><\/i><\/div><\/div><div class=\"desc_wrapper\"><div class=\"desc\">Joint process<\/div><\/div><\/div>\n[\/vc_column_inner][vc_column_inner width=&#8221;1\/4&#8243;]<div class=\"icon_box icon_position_top no_border\"><div class=\"icon_wrapper\"><div class=\"icon\"><i class=\"icon-globe-line\" aria-hidden=\"true\"><\/i><\/div><\/div><div class=\"desc_wrapper\"><div class=\"desc\">We provide knowledge<\/div><\/div><\/div>\n[\/vc_column_inner][vc_column_inner width=&#8221;1\/4&#8243;]<div class=\"icon_box icon_position_top no_border\"><div class=\"icon_wrapper\"><div class=\"icon\"><i class=\"icon-layout\" aria-hidden=\"true\"><\/i><\/div><\/div><div class=\"desc_wrapper\"><div class=\"desc\">Joint vision and analysis of the parts<\/div><\/div><\/div>\n[\/vc_column_inner][vc_column_inner width=&#8221;1\/4&#8243;]<div class=\"icon_box icon_position_top no_border\"><div class=\"icon_wrapper\"><div class=\"icon\"><i class=\"icon-graduation-cap-line\" aria-hidden=\"true\"><\/i><\/div><\/div><div class=\"desc_wrapper\"><div class=\"desc\">Without technicalities. Explained in a didactic manner<\/div><\/div><\/div>\n[\/vc_column_inner][\/vc_row_inner][\/vc_column][\/vc_row][vc_row full_width=&#8221;stretch_row&#8221; css=&#8221;.vc_custom_1557312727037{padding-top: 60px !important;}&#8221;][vc_column][vc_column_text]<\/p>\n<h3 style=\"text-align: center;\">We are accredited by Accio in strategy and economic and financial management.<\/h3>\n<p>[\/vc_column_text][vc_single_image image=&#8221;6393&#8243; img_size=&#8221;full&#8221; alignment=&#8221;center&#8221;][\/vc_column][\/vc_row][vc_row full_width=&#8221;stretch_row_content&#8221; css=&#8221;.vc_custom_1555498389402{padding-top: 60px !important;padding-bottom: 60px !important;background-color: #eeeeee !important;}&#8221;][vc_column][vc_column_text]<\/p>\n<h2 style=\"text-align: center;\">Testimonials<\/h2>\n<p>[\/vc_column_text][\/vc_column][\/vc_row][vc_row full_width=&#8221;stretch_row_content_no_spaces&#8221; content_placement=&#8221;middle&#8221; parallax=&#8221;content-moving&#8221; parallax_image=&#8221;6057&#8243; css=&#8221;.vc_custom_1556095084515{border-top-width: 1px !important;padding-top: 40px !important;padding-bottom: 40px !important;border-top-color: #ededed !important;}&#8221;][vc_column width=&#8221;2\/6&#8243;][\/vc_column][vc_column width=&#8221;3\/6&#8243;][vc_empty_space][vc_column_text]<\/p>\n<h1>CONTACT FORM<\/h1>\n<p>If you need accompaniment in growing your business, we can help you manage the process.[\/vc_column_text]\n<div class=\"wpcf7 no-js\" id=\"wpcf7-f6771-o1\" lang=\"ca\" dir=\"ltr\" data-wpcf7-id=\"6771\">\n<div class=\"screen-reader-response\"><p role=\"status\" aria-live=\"polite\" aria-atomic=\"true\"><\/p> <ul><\/ul><\/div>\n<form action=\"\/en\/wp-json\/wp\/v2\/pages\/6682#wpcf7-f6771-o1\" method=\"post\" class=\"wpcf7-form init\" aria-label=\"Formulari de contacte\" novalidate=\"novalidate\" data-status=\"init\">\n<fieldset class=\"hidden-fields-container\"><input type=\"hidden\" name=\"_wpcf7\" value=\"6771\" \/><input type=\"hidden\" name=\"_wpcf7_version\" value=\"6.1.5\" \/><input type=\"hidden\" name=\"_wpcf7_locale\" value=\"ca\" \/><input type=\"hidden\" name=\"_wpcf7_unit_tag\" value=\"wpcf7-f6771-o1\" \/><input type=\"hidden\" name=\"_wpcf7_container_post\" value=\"0\" \/><input type=\"hidden\" name=\"_wpcf7_posted_data_hash\" value=\"\" \/><input type=\"hidden\" name=\"_wpcf7_recaptcha_response\" value=\"\" \/>\n<\/fieldset>\n<p><label for=\"your-name\">Name *<\/label><br \/>\n<span class=\"wpcf7-form-control-wrap\" data-name=\"your-name\"><input size=\"40\" maxlength=\"400\" class=\"wpcf7-form-control wpcf7-text wpcf7-validates-as-required\" id=\"your-name\" aria-required=\"true\" aria-invalid=\"false\" value=\"Name\" type=\"text\" name=\"your-name\" \/><\/span>\n<\/p>\n<p><label for=\"your-email\">Email *<\/label><br \/>\n<span class=\"wpcf7-form-control-wrap\" data-name=\"your-email\"><input size=\"40\" maxlength=\"400\" class=\"wpcf7-form-control wpcf7-email wpcf7-validates-as-required wpcf7-text wpcf7-validates-as-email\" id=\"your-email\" aria-required=\"true\" aria-invalid=\"false\" value=\"Email\" type=\"email\" name=\"your-email\" \/><\/span>\n<\/p>\n<p><label for=\"your-subject\">Subject *<\/label><br \/>\n<span class=\"wpcf7-form-control-wrap\" data-name=\"your-subject\"><input size=\"40\" maxlength=\"400\" class=\"wpcf7-form-control wpcf7-text wpcf7-validates-as-required\" id=\"your-subject\" aria-required=\"true\" aria-invalid=\"false\" value=\"Subject\" type=\"text\" name=\"your-subject\" \/><\/span>\n<\/p>\n<p><label for=\"your-message\">Message *<\/label><br \/>\n<span class=\"wpcf7-form-control-wrap\" data-name=\"your-message\"><textarea cols=\"40\" rows=\"10\" maxlength=\"2000\" class=\"wpcf7-form-control wpcf7-textarea wpcf7-validates-as-required\" id=\"your-message\" aria-required=\"true\" aria-invalid=\"false\" name=\"your-message\">Message<\/textarea><\/span>\n<\/p>\n<p><b>CONSENTIMIENTO INFORMADO Y EXPRESO<\/b>\n<\/p>\n<p>ELISABET BACH OLLER, como responsable del tratamiento, tratar\u00e1 tus datos con la finalidad de dar respuesta a tu consulta o petici\u00f3n. La base leg\u00edtima es tu consentimiento el cual puedes revocar en cualquier momento comunic\u00e1ndolo <a href=\"mailto:info@elisabetbach.com\">info@elisabetbach.com<\/a>. No se ceder\u00e1n datos a terceros salvo obligaci\u00f3n legal. Puedes acceder, rectificar y suprimir tus datos, as\u00ed como ejercer otros derechos consultando la informaci\u00f3n adicional y detallada sobre protecci\u00f3n de datos en nuestra <a href=\"\/politica-de-privacidad\/\">Pol\u00edtica de Privacidad<\/a>.\n<\/p>\n<p><span class=\"wpcf7-form-control-wrap\" data-name=\"acceptance\"><span class=\"wpcf7-form-control wpcf7-acceptance\"><span class=\"wpcf7-list-item\"><label><input type=\"checkbox\" name=\"acceptance\" value=\"1\" aria-invalid=\"false\" \/><span class=\"wpcf7-list-item-label\">He le\u00eddo y acepto las condiciones contenidas en la <a href=\"\/politica-de-privacidad\/\">Pol\u00edtica de Privacidad<\/a> sobre el tratamiento de mis datos para gestionar mi consulta o petici\u00f3n. (*)<\/span><\/label><\/span><\/span><\/span>\n<\/p>\n<p><span class=\"wpcf7-form-control-wrap\" data-name=\"newsletter\"><span class=\"wpcf7-form-control wpcf7-acceptance optional\"><span class=\"wpcf7-list-item\"><label><input type=\"checkbox\" name=\"newsletter\" value=\"1\" aria-invalid=\"false\" \/><span class=\"wpcf7-list-item-label\">Nos gustar\u00eda que nos prestaras tu consentimiento para: Enviarte informaci\u00f3n comercial sobre los productos, servicios, novedades de ELISABET BACH OLLER.<\/span><\/label><\/span><\/span><\/span>\n<\/p>\n<p><i>* Campos obligatorios<\/i>\n<\/p>\n\n<p><input class=\"wpcf7-form-control wpcf7-submit has-spinner\" type=\"submit\" value=\"Send\" \/>\n<\/p><div class=\"wpcf7-response-output\" aria-hidden=\"true\"><\/div>\n<\/form>\n<\/div>\n[\/vc_column][vc_column width=&#8221;1\/6&#8243;][\/vc_column][\/vc_row]<\/p>\n<\/div>","protected":false},"excerpt":{"rendered":"<p>[vc_row full_width=&#8221;stretch_row_content_no_spaces&#8221; content_placement=&#8221;middle&#8221; css=&#8221;.vc_custom_1557320745025{padding-top: 100px !important;padding-bottom: 100px !important;background: #c1bfc0 url(https:\/\/www.elisabetbach.com\/wp-content\/uploads\/2019\/05\/viabilitat.jpg?id=6375) !important;}&#8221;][vc_column width=&#8221;1\/6&#8243; css=&#8221;.vc_custom_1555580814457{margin-top: 0px !important;margin-bottom: 0px !important;padding-top: 0px !important;padding-bottom: 0px !important;}&#8221;][\/vc_column][vc_column width=&#8221;2\/3&#8243; css=&#8221;.vc_custom_1555580909828{margin-top: 0px !important;margin-bottom: 0px<span class=\"excerpt-hellip\"> [\u2026]<\/span><\/p>\n","protected":false},"author":1,"featured_media":0,"parent":6674,"menu_order":0,"comment_status":"closed","ping_status":"closed","template":"","meta":{"footnotes":""},"class_list":["post-6682","page","type-page","status-publish","hentry"],"yoast_head":"<!-- This site is optimized with the Yoast SEO plugin v27.4 - https:\/\/yoast.com\/product\/yoast-seo-wordpress\/ -->\n<title>Project feasibility studies - Elisabet Bach<\/title>\n<meta name=\"robots\" content=\"index, follow, max-snippet:-1, max-image-preview:large, max-video-preview:-1\" \/>\n<link rel=\"canonical\" href=\"https:\/\/www.elisabetbach.com\/en\/serveis\/project-feasibility-studies\/\" \/>\n<meta property=\"og:locale\" content=\"en_US\" \/>\n<meta property=\"og:type\" content=\"article\" \/>\n<meta property=\"og:title\" content=\"Project feasibility studies - Elisabet Bach\" \/>\n<meta property=\"og:description\" content=\"[vc_row full_width=&#8221;stretch_row_content_no_spaces&#8221; content_placement=&#8221;middle&#8221; css=&#8221;.vc_custom_1557320745025{padding-top: 100px !important;padding-bottom: 100px !important;background: #c1bfc0 url(https:\/\/www.elisabetbach.com\/wp-content\/uploads\/2019\/05\/viabilitat.jpg?id=6375) !important;}&#8221;][vc_column width=&#8221;1\/6&#8243; css=&#8221;.vc_custom_1555580814457{margin-top: 0px !important;margin-bottom: 0px !important;padding-top: 0px !important;padding-bottom: 0px !important;}&#8221;][\/vc_column][vc_column width=&#8221;2\/3&#8243; css=&#8221;.vc_custom_1555580909828{margin-top: 0px !important;margin-bottom: 0px [\u2026]\" \/>\n<meta property=\"og:url\" content=\"https:\/\/www.elisabetbach.com\/en\/serveis\/project-feasibility-studies\/\" \/>\n<meta property=\"og:site_name\" content=\"Elisabet Bach\" \/>\n<meta property=\"article:publisher\" content=\"https:\/\/www.facebook.com\/elisabetbacholler\/\" \/>\n<meta property=\"article:modified_time\" content=\"2019-06-10T09:25:24+00:00\" \/>\n<meta name=\"twitter:label1\" content=\"Est. reading time\" \/>\n\t<meta name=\"twitter:data1\" content=\"3 minutes\" \/>\n<script type=\"application\/ld+json\" class=\"yoast-schema-graph\">{\"@context\":\"https:\\\/\\\/schema.org\",\"@graph\":[{\"@type\":\"WebPage\",\"@id\":\"https:\\\/\\\/www.elisabetbach.com\\\/en\\\/serveis\\\/project-feasibility-studies\\\/\",\"url\":\"https:\\\/\\\/www.elisabetbach.com\\\/en\\\/serveis\\\/project-feasibility-studies\\\/\",\"name\":\"Project feasibility studies - Elisabet Bach\",\"isPartOf\":{\"@id\":\"https:\\\/\\\/www.elisabetbach.com\\\/#website\"},\"datePublished\":\"2019-05-08T09:58:08+00:00\",\"dateModified\":\"2019-06-10T09:25:24+00:00\",\"breadcrumb\":{\"@id\":\"https:\\\/\\\/www.elisabetbach.com\\\/en\\\/serveis\\\/project-feasibility-studies\\\/#breadcrumb\"},\"inLanguage\":\"en-US\",\"potentialAction\":[{\"@type\":\"ReadAction\",\"target\":[\"https:\\\/\\\/www.elisabetbach.com\\\/en\\\/serveis\\\/project-feasibility-studies\\\/\"]}]},{\"@type\":\"BreadcrumbList\",\"@id\":\"https:\\\/\\\/www.elisabetbach.com\\\/en\\\/serveis\\\/project-feasibility-studies\\\/#breadcrumb\",\"itemListElement\":[{\"@type\":\"ListItem\",\"position\":1,\"name\":\"Inici\",\"item\":\"https:\\\/\\\/www.elisabetbach.com\\\/en\\\/\"},{\"@type\":\"ListItem\",\"position\":2,\"name\":\"Services\",\"item\":\"https:\\\/\\\/www.elisabetbach.com\\\/en\\\/serveis\\\/\"},{\"@type\":\"ListItem\",\"position\":3,\"name\":\"Project feasibility studies\"}]},{\"@type\":\"WebSite\",\"@id\":\"https:\\\/\\\/www.elisabetbach.com\\\/#website\",\"url\":\"https:\\\/\\\/www.elisabetbach.com\\\/\",\"name\":\"Elisabet Bach\",\"description\":\"Consultora Econ\u00f2mica i Financera\",\"publisher\":{\"@id\":\"https:\\\/\\\/www.elisabetbach.com\\\/#organization\"},\"potentialAction\":[{\"@type\":\"SearchAction\",\"target\":{\"@type\":\"EntryPoint\",\"urlTemplate\":\"https:\\\/\\\/www.elisabetbach.com\\\/?s={search_term_string}\"},\"query-input\":{\"@type\":\"PropertyValueSpecification\",\"valueRequired\":true,\"valueName\":\"search_term_string\"}}],\"inLanguage\":\"en-US\"},{\"@type\":\"Organization\",\"@id\":\"https:\\\/\\\/www.elisabetbach.com\\\/#organization\",\"name\":\"Elisabet Bach\",\"url\":\"https:\\\/\\\/www.elisabetbach.com\\\/\",\"logo\":{\"@type\":\"ImageObject\",\"inLanguage\":\"en-US\",\"@id\":\"https:\\\/\\\/www.elisabetbach.com\\\/#\\\/schema\\\/logo\\\/image\\\/\",\"url\":\"https:\\\/\\\/www.elisabetbach.com\\\/wp-content\\\/uploads\\\/2014\\\/03\\\/logo.png\",\"contentUrl\":\"https:\\\/\\\/www.elisabetbach.com\\\/wp-content\\\/uploads\\\/2014\\\/03\\\/logo.png\",\"width\":308,\"height\":49,\"caption\":\"Elisabet Bach\"},\"image\":{\"@id\":\"https:\\\/\\\/www.elisabetbach.com\\\/#\\\/schema\\\/logo\\\/image\\\/\"},\"sameAs\":[\"https:\\\/\\\/www.facebook.com\\\/elisabetbacholler\\\/\",\"https:\\\/\\\/x.com\\\/elisabet_bach\",\"https:\\\/\\\/www.linkedin.com\\\/in\\\/elisabetbachconsultant\\\/\",\"https:\\\/\\\/www.youtube.com\\\/channel\\\/UCaoleye0jmPoR0_FLWsGa8Q\"]}]}<\/script>\n<!-- \/ Yoast SEO plugin. -->","yoast_head_json":{"title":"Project feasibility studies - Elisabet Bach","robots":{"index":"index","follow":"follow","max-snippet":"max-snippet:-1","max-image-preview":"max-image-preview:large","max-video-preview":"max-video-preview:-1"},"canonical":"https:\/\/www.elisabetbach.com\/en\/serveis\/project-feasibility-studies\/","og_locale":"en_US","og_type":"article","og_title":"Project feasibility studies - Elisabet Bach","og_description":"[vc_row full_width=&#8221;stretch_row_content_no_spaces&#8221; content_placement=&#8221;middle&#8221; css=&#8221;.vc_custom_1557320745025{padding-top: 100px !important;padding-bottom: 100px !important;background: #c1bfc0 url(https:\/\/www.elisabetbach.com\/wp-content\/uploads\/2019\/05\/viabilitat.jpg?id=6375) !important;}&#8221;][vc_column width=&#8221;1\/6&#8243; css=&#8221;.vc_custom_1555580814457{margin-top: 0px !important;margin-bottom: 0px !important;padding-top: 0px !important;padding-bottom: 0px !important;}&#8221;][\/vc_column][vc_column width=&#8221;2\/3&#8243; css=&#8221;.vc_custom_1555580909828{margin-top: 0px !important;margin-bottom: 0px [\u2026]","og_url":"https:\/\/www.elisabetbach.com\/en\/serveis\/project-feasibility-studies\/","og_site_name":"Elisabet Bach","article_publisher":"https:\/\/www.facebook.com\/elisabetbacholler\/","article_modified_time":"2019-06-10T09:25:24+00:00","twitter_misc":{"Est. reading time":"3 minutes"},"schema":{"@context":"https:\/\/schema.org","@graph":[{"@type":"WebPage","@id":"https:\/\/www.elisabetbach.com\/en\/serveis\/project-feasibility-studies\/","url":"https:\/\/www.elisabetbach.com\/en\/serveis\/project-feasibility-studies\/","name":"Project feasibility studies - Elisabet Bach","isPartOf":{"@id":"https:\/\/www.elisabetbach.com\/#website"},"datePublished":"2019-05-08T09:58:08+00:00","dateModified":"2019-06-10T09:25:24+00:00","breadcrumb":{"@id":"https:\/\/www.elisabetbach.com\/en\/serveis\/project-feasibility-studies\/#breadcrumb"},"inLanguage":"en-US","potentialAction":[{"@type":"ReadAction","target":["https:\/\/www.elisabetbach.com\/en\/serveis\/project-feasibility-studies\/"]}]},{"@type":"BreadcrumbList","@id":"https:\/\/www.elisabetbach.com\/en\/serveis\/project-feasibility-studies\/#breadcrumb","itemListElement":[{"@type":"ListItem","position":1,"name":"Inici","item":"https:\/\/www.elisabetbach.com\/en\/"},{"@type":"ListItem","position":2,"name":"Services","item":"https:\/\/www.elisabetbach.com\/en\/serveis\/"},{"@type":"ListItem","position":3,"name":"Project feasibility studies"}]},{"@type":"WebSite","@id":"https:\/\/www.elisabetbach.com\/#website","url":"https:\/\/www.elisabetbach.com\/","name":"Elisabet Bach","description":"Consultora Econ\u00f2mica i Financera","publisher":{"@id":"https:\/\/www.elisabetbach.com\/#organization"},"potentialAction":[{"@type":"SearchAction","target":{"@type":"EntryPoint","urlTemplate":"https:\/\/www.elisabetbach.com\/?s={search_term_string}"},"query-input":{"@type":"PropertyValueSpecification","valueRequired":true,"valueName":"search_term_string"}}],"inLanguage":"en-US"},{"@type":"Organization","@id":"https:\/\/www.elisabetbach.com\/#organization","name":"Elisabet Bach","url":"https:\/\/www.elisabetbach.com\/","logo":{"@type":"ImageObject","inLanguage":"en-US","@id":"https:\/\/www.elisabetbach.com\/#\/schema\/logo\/image\/","url":"https:\/\/www.elisabetbach.com\/wp-content\/uploads\/2014\/03\/logo.png","contentUrl":"https:\/\/www.elisabetbach.com\/wp-content\/uploads\/2014\/03\/logo.png","width":308,"height":49,"caption":"Elisabet Bach"},"image":{"@id":"https:\/\/www.elisabetbach.com\/#\/schema\/logo\/image\/"},"sameAs":["https:\/\/www.facebook.com\/elisabetbacholler\/","https:\/\/x.com\/elisabet_bach","https:\/\/www.linkedin.com\/in\/elisabetbachconsultant\/","https:\/\/www.youtube.com\/channel\/UCaoleye0jmPoR0_FLWsGa8Q"]}]}},"_links":{"self":[{"href":"https:\/\/www.elisabetbach.com\/en\/wp-json\/wp\/v2\/pages\/6682","targetHints":{"allow":["GET"]}}],"collection":[{"href":"https:\/\/www.elisabetbach.com\/en\/wp-json\/wp\/v2\/pages"}],"about":[{"href":"https:\/\/www.elisabetbach.com\/en\/wp-json\/wp\/v2\/types\/page"}],"author":[{"embeddable":true,"href":"https:\/\/www.elisabetbach.com\/en\/wp-json\/wp\/v2\/users\/1"}],"replies":[{"embeddable":true,"href":"https:\/\/www.elisabetbach.com\/en\/wp-json\/wp\/v2\/comments?post=6682"}],"version-history":[{"count":3,"href":"https:\/\/www.elisabetbach.com\/en\/wp-json\/wp\/v2\/pages\/6682\/revisions"}],"predecessor-version":[{"id":6787,"href":"https:\/\/www.elisabetbach.com\/en\/wp-json\/wp\/v2\/pages\/6682\/revisions\/6787"}],"up":[{"embeddable":true,"href":"https:\/\/www.elisabetbach.com\/en\/wp-json\/wp\/v2\/pages\/6674"}],"wp:attachment":[{"href":"https:\/\/www.elisabetbach.com\/en\/wp-json\/wp\/v2\/media?parent=6682"}],"curies":[{"name":"wp","href":"https:\/\/api.w.org\/{rel}","templated":true}]}}