{"id":4511,"date":"2014-06-16T10:12:25","date_gmt":"2014-06-16T10:12:25","guid":{"rendered":"http:\/\/www.elisabetbach.com\/servicios\/mediacio\/"},"modified":"2019-04-02T10:58:51","modified_gmt":"2019-04-02T10:58:51","slug":"mediacion","status":"publish","type":"page","link":"https:\/\/www.elisabetbach.com\/es\/mediacion\/","title":{"rendered":"Mediaci\u00f3n"},"content":{"rendered":"<div class=\"column one-third mobile-one\"><div class=\"mcb-column-inner\"><img loading=\"lazy\" decoding=\"async\" class=\"aligncenter size-full wp-image-4400\" src=\"http:\/\/www.elisabetbach.com\/wp-content\/uploads\/2014\/06\/ima09.jpg\" alt=\"Mediaci\u00f3\" width=\"288\" height=\"192\" \/><\/div><\/div>\n\n<p>[two_third_last]La mediaci\u00f3n es un proceso de resoluci\u00f3n de conflictos basado en el di\u00e1logo entre las partes con el fin de llegar a un acuerdo.<\/p>\n<p>Se realiza mediante la figura del mediador, una persona neutral que facilita el di\u00e1logo, el respeto, el reconocimiento entre las partes y el acuerdo.<\/p>\n<p>Es un procedimiento voluntario y confidencial.<\/p>\n<p>Realizamos mediaci\u00f3n empresarial en dos \u00e1mbitos:<\/p>\n<ul>\n<li>Civil privada<\/li>\n<li>Mercantil<\/li>\n<\/ul>\n<p>Algunos ejemplos:<\/p>\n<ul>\n<li>desacuerdos entre empresas por temas de competencia<\/li>\n<li>deudas entre empresas<\/li>\n<li>acuerdos para protocolos familiares<\/li>\n<li>desacuerdos entre socios de una empresa<\/li>\n<\/ul>\n<p>[\/two_third_last]<\/p>\n","protected":false},"excerpt":{"rendered":"<p>[two_third_last]La mediaci\u00f3n es un proceso de resoluci\u00f3n de conflictos basado en el di\u00e1logo entre las partes con el fin de llegar a un acuerdo. Se realiza<span class=\"excerpt-hellip\"> [\u2026]<\/span><\/p>\n","protected":false},"author":1,"featured_media":0,"parent":0,"menu_order":0,"comment_status":"closed","ping_status":"open","template":"","meta":{"footnotes":""},"class_list":["post-4511","page","type-page","status-publish","hentry"],"yoast_head":"<!-- This site is optimized with the Yoast SEO plugin v27.4 - https:\/\/yoast.com\/product\/yoast-seo-wordpress\/ -->\n<title>Mediaci\u00f3n - Elisabet Bach<\/title>\n<meta name=\"description\" content=\"La mediaci\u00f3n es un proceso de resoluci\u00f3n de conflictos basado en el di\u00e1logo. Elisabet Bach\" \/>\n<meta name=\"robots\" content=\"index, follow, max-snippet:-1, max-image-preview:large, max-video-preview:-1\" \/>\n<link rel=\"canonical\" href=\"https:\/\/www.elisabetbach.com\/es\/mediacion\/\" \/>\n<meta property=\"og:locale\" content=\"es_ES\" \/>\n<meta property=\"og:type\" content=\"article\" \/>\n<meta property=\"og:title\" content=\"Mediaci\u00f3n - Elisabet Bach\" \/>\n<meta property=\"og:description\" content=\"La mediaci\u00f3n es un proceso de resoluci\u00f3n de conflictos basado en el di\u00e1logo. Elisabet Bach\" \/>\n<meta property=\"og:url\" content=\"https:\/\/www.elisabetbach.com\/es\/mediacion\/\" \/>\n<meta property=\"og:site_name\" content=\"Elisabet Bach\" \/>\n<meta property=\"article:publisher\" content=\"https:\/\/www.facebook.com\/elisabetbacholler\/\" \/>\n<meta property=\"article:modified_time\" content=\"2019-04-02T10:58:51+00:00\" \/>\n<meta property=\"og:image\" content=\"http:\/\/www.elisabetbach.com\/wp-content\/uploads\/2014\/06\/ima09.jpg\" \/>\n<meta name=\"twitter:label1\" content=\"Tiempo de lectura\" \/>\n\t<meta name=\"twitter:data1\" content=\"1 minuto\" \/>\n<script type=\"application\/ld+json\" class=\"yoast-schema-graph\">{\"@context\":\"https:\\\/\\\/schema.org\",\"@graph\":[{\"@type\":\"WebPage\",\"@id\":\"https:\\\/\\\/www.elisabetbach.com\\\/es\\\/mediacion\\\/\",\"url\":\"https:\\\/\\\/www.elisabetbach.com\\\/es\\\/mediacion\\\/\",\"name\":\"Mediaci\u00f3n - Elisabet Bach\",\"isPartOf\":{\"@id\":\"https:\\\/\\\/www.elisabetbach.com\\\/#website\"},\"primaryImageOfPage\":{\"@id\":\"https:\\\/\\\/www.elisabetbach.com\\\/es\\\/mediacion\\\/#primaryimage\"},\"image\":{\"@id\":\"https:\\\/\\\/www.elisabetbach.com\\\/es\\\/mediacion\\\/#primaryimage\"},\"thumbnailUrl\":\"http:\\\/\\\/www.elisabetbach.com\\\/wp-content\\\/uploads\\\/2014\\\/06\\\/ima09.jpg\",\"datePublished\":\"2014-06-16T10:12:25+00:00\",\"dateModified\":\"2019-04-02T10:58:51+00:00\",\"description\":\"La mediaci\u00f3n es un proceso de resoluci\u00f3n de conflictos basado en el di\u00e1logo. Elisabet Bach\",\"breadcrumb\":{\"@id\":\"https:\\\/\\\/www.elisabetbach.com\\\/es\\\/mediacion\\\/#breadcrumb\"},\"inLanguage\":\"es\",\"potentialAction\":[{\"@type\":\"ReadAction\",\"target\":[\"https:\\\/\\\/www.elisabetbach.com\\\/es\\\/mediacion\\\/\"]}]},{\"@type\":\"ImageObject\",\"inLanguage\":\"es\",\"@id\":\"https:\\\/\\\/www.elisabetbach.com\\\/es\\\/mediacion\\\/#primaryimage\",\"url\":\"http:\\\/\\\/www.elisabetbach.com\\\/wp-content\\\/uploads\\\/2014\\\/06\\\/ima09.jpg\",\"contentUrl\":\"http:\\\/\\\/www.elisabetbach.com\\\/wp-content\\\/uploads\\\/2014\\\/06\\\/ima09.jpg\"},{\"@type\":\"BreadcrumbList\",\"@id\":\"https:\\\/\\\/www.elisabetbach.com\\\/es\\\/mediacion\\\/#breadcrumb\",\"itemListElement\":[{\"@type\":\"ListItem\",\"position\":1,\"name\":\"Inici\",\"item\":\"https:\\\/\\\/www.elisabetbach.com\\\/es\\\/\"},{\"@type\":\"ListItem\",\"position\":2,\"name\":\"Mediaci\u00f3n\"}]},{\"@type\":\"WebSite\",\"@id\":\"https:\\\/\\\/www.elisabetbach.com\\\/#website\",\"url\":\"https:\\\/\\\/www.elisabetbach.com\\\/\",\"name\":\"Elisabet Bach\",\"description\":\"Consultora Econ\u00f3mica y Financiera\",\"publisher\":{\"@id\":\"https:\\\/\\\/www.elisabetbach.com\\\/#organization\"},\"potentialAction\":[{\"@type\":\"SearchAction\",\"target\":{\"@type\":\"EntryPoint\",\"urlTemplate\":\"https:\\\/\\\/www.elisabetbach.com\\\/?s={search_term_string}\"},\"query-input\":{\"@type\":\"PropertyValueSpecification\",\"valueRequired\":true,\"valueName\":\"search_term_string\"}}],\"inLanguage\":\"es\"},{\"@type\":\"Organization\",\"@id\":\"https:\\\/\\\/www.elisabetbach.com\\\/#organization\",\"name\":\"Elisabet Bach\",\"url\":\"https:\\\/\\\/www.elisabetbach.com\\\/\",\"logo\":{\"@type\":\"ImageObject\",\"inLanguage\":\"es\",\"@id\":\"https:\\\/\\\/www.elisabetbach.com\\\/#\\\/schema\\\/logo\\\/image\\\/\",\"url\":\"https:\\\/\\\/www.elisabetbach.com\\\/wp-content\\\/uploads\\\/2014\\\/03\\\/logo.png\",\"contentUrl\":\"https:\\\/\\\/www.elisabetbach.com\\\/wp-content\\\/uploads\\\/2014\\\/03\\\/logo.png\",\"width\":308,\"height\":49,\"caption\":\"Elisabet Bach\"},\"image\":{\"@id\":\"https:\\\/\\\/www.elisabetbach.com\\\/#\\\/schema\\\/logo\\\/image\\\/\"},\"sameAs\":[\"https:\\\/\\\/www.facebook.com\\\/elisabetbacholler\\\/\",\"https:\\\/\\\/x.com\\\/elisabet_bach\",\"https:\\\/\\\/www.linkedin.com\\\/in\\\/elisabetbachconsultant\\\/\",\"https:\\\/\\\/www.youtube.com\\\/channel\\\/UCaoleye0jmPoR0_FLWsGa8Q\"]}]}<\/script>\n<!-- \/ Yoast SEO plugin. -->","yoast_head_json":{"title":"Mediaci\u00f3n - Elisabet Bach","description":"La mediaci\u00f3n es un proceso de resoluci\u00f3n de conflictos basado en el di\u00e1logo. Elisabet Bach","robots":{"index":"index","follow":"follow","max-snippet":"max-snippet:-1","max-image-preview":"max-image-preview:large","max-video-preview":"max-video-preview:-1"},"canonical":"https:\/\/www.elisabetbach.com\/es\/mediacion\/","og_locale":"es_ES","og_type":"article","og_title":"Mediaci\u00f3n - Elisabet Bach","og_description":"La mediaci\u00f3n es un proceso de resoluci\u00f3n de conflictos basado en el di\u00e1logo. Elisabet Bach","og_url":"https:\/\/www.elisabetbach.com\/es\/mediacion\/","og_site_name":"Elisabet Bach","article_publisher":"https:\/\/www.facebook.com\/elisabetbacholler\/","article_modified_time":"2019-04-02T10:58:51+00:00","og_image":[{"url":"http:\/\/www.elisabetbach.com\/wp-content\/uploads\/2014\/06\/ima09.jpg","type":"","width":"","height":""}],"twitter_misc":{"Tiempo de lectura":"1 minuto"},"schema":{"@context":"https:\/\/schema.org","@graph":[{"@type":"WebPage","@id":"https:\/\/www.elisabetbach.com\/es\/mediacion\/","url":"https:\/\/www.elisabetbach.com\/es\/mediacion\/","name":"Mediaci\u00f3n - Elisabet Bach","isPartOf":{"@id":"https:\/\/www.elisabetbach.com\/#website"},"primaryImageOfPage":{"@id":"https:\/\/www.elisabetbach.com\/es\/mediacion\/#primaryimage"},"image":{"@id":"https:\/\/www.elisabetbach.com\/es\/mediacion\/#primaryimage"},"thumbnailUrl":"http:\/\/www.elisabetbach.com\/wp-content\/uploads\/2014\/06\/ima09.jpg","datePublished":"2014-06-16T10:12:25+00:00","dateModified":"2019-04-02T10:58:51+00:00","description":"La mediaci\u00f3n es un proceso de resoluci\u00f3n de conflictos basado en el di\u00e1logo. Elisabet Bach","breadcrumb":{"@id":"https:\/\/www.elisabetbach.com\/es\/mediacion\/#breadcrumb"},"inLanguage":"es","potentialAction":[{"@type":"ReadAction","target":["https:\/\/www.elisabetbach.com\/es\/mediacion\/"]}]},{"@type":"ImageObject","inLanguage":"es","@id":"https:\/\/www.elisabetbach.com\/es\/mediacion\/#primaryimage","url":"http:\/\/www.elisabetbach.com\/wp-content\/uploads\/2014\/06\/ima09.jpg","contentUrl":"http:\/\/www.elisabetbach.com\/wp-content\/uploads\/2014\/06\/ima09.jpg"},{"@type":"BreadcrumbList","@id":"https:\/\/www.elisabetbach.com\/es\/mediacion\/#breadcrumb","itemListElement":[{"@type":"ListItem","position":1,"name":"Inici","item":"https:\/\/www.elisabetbach.com\/es\/"},{"@type":"ListItem","position":2,"name":"Mediaci\u00f3n"}]},{"@type":"WebSite","@id":"https:\/\/www.elisabetbach.com\/#website","url":"https:\/\/www.elisabetbach.com\/","name":"Elisabet Bach","description":"Consultora Econ\u00f3mica y Financiera","publisher":{"@id":"https:\/\/www.elisabetbach.com\/#organization"},"potentialAction":[{"@type":"SearchAction","target":{"@type":"EntryPoint","urlTemplate":"https:\/\/www.elisabetbach.com\/?s={search_term_string}"},"query-input":{"@type":"PropertyValueSpecification","valueRequired":true,"valueName":"search_term_string"}}],"inLanguage":"es"},{"@type":"Organization","@id":"https:\/\/www.elisabetbach.com\/#organization","name":"Elisabet Bach","url":"https:\/\/www.elisabetbach.com\/","logo":{"@type":"ImageObject","inLanguage":"es","@id":"https:\/\/www.elisabetbach.com\/#\/schema\/logo\/image\/","url":"https:\/\/www.elisabetbach.com\/wp-content\/uploads\/2014\/03\/logo.png","contentUrl":"https:\/\/www.elisabetbach.com\/wp-content\/uploads\/2014\/03\/logo.png","width":308,"height":49,"caption":"Elisabet Bach"},"image":{"@id":"https:\/\/www.elisabetbach.com\/#\/schema\/logo\/image\/"},"sameAs":["https:\/\/www.facebook.com\/elisabetbacholler\/","https:\/\/x.com\/elisabet_bach","https:\/\/www.linkedin.com\/in\/elisabetbachconsultant\/","https:\/\/www.youtube.com\/channel\/UCaoleye0jmPoR0_FLWsGa8Q"]}]}},"_links":{"self":[{"href":"https:\/\/www.elisabetbach.com\/es\/wp-json\/wp\/v2\/pages\/4511","targetHints":{"allow":["GET"]}}],"collection":[{"href":"https:\/\/www.elisabetbach.com\/es\/wp-json\/wp\/v2\/pages"}],"about":[{"href":"https:\/\/www.elisabetbach.com\/es\/wp-json\/wp\/v2\/types\/page"}],"author":[{"embeddable":true,"href":"https:\/\/www.elisabetbach.com\/es\/wp-json\/wp\/v2\/users\/1"}],"replies":[{"embeddable":true,"href":"https:\/\/www.elisabetbach.com\/es\/wp-json\/wp\/v2\/comments?post=4511"}],"version-history":[{"count":3,"href":"https:\/\/www.elisabetbach.com\/es\/wp-json\/wp\/v2\/pages\/4511\/revisions"}],"predecessor-version":[{"id":4690,"href":"https:\/\/www.elisabetbach.com\/es\/wp-json\/wp\/v2\/pages\/4511\/revisions\/4690"}],"wp:attachment":[{"href":"https:\/\/www.elisabetbach.com\/es\/wp-json\/wp\/v2\/media?parent=4511"}],"curies":[{"name":"wp","href":"https:\/\/api.w.org\/{rel}","templated":true}]}}