{"id":4514,"date":"2014-03-17T11:54:39","date_gmt":"2014-03-17T11:54:39","guid":{"rendered":"http:\/\/www.elisabetbach.com\/servicios\/documentacio-economica-per-processos-judicials\/"},"modified":"2019-04-02T10:58:51","modified_gmt":"2019-04-02T10:58:51","slug":"documentacion-economica","status":"publish","type":"page","link":"https:\/\/www.elisabetbach.com\/es\/documentacion-economica\/","title":{"rendered":"Documentaci\u00f3n econ\u00f3mica para procesos judiciales"},"content":{"rendered":"<div class=\"column one-third mobile-one\"><div class=\"mcb-column-inner\"><img loading=\"lazy\" decoding=\"async\" class=\"aligncenter size-full wp-image-4395\" src=\"http:\/\/www.elisabetbach.com\/wp-content\/uploads\/2014\/03\/ima08.jpg\" alt=\"Documentaci\u00f3n econ\u00f3mica para abogados\" width=\"288\" height=\"274\" \/><\/div><\/div>\n\n<p>[two_third_last]Colaboramos con abogados y letrados en procesos en los que se da una complejidad de tipoecon\u00f3mico, para facilitar la toma de decisiones.<\/p>\n<p>[headline type=\u00bbh3&#8243; title=\u00bbLaboral\u00bb]<\/p>\n<ul>\n<li>Informes periciales<\/li>\n<li>Documentaci\u00f3n econ\u00f3mica para ERE&#8217;s<\/li>\n<\/ul>\n<p>[headline type=\u00bbh3&#8243; title=\u00bbMercantil\u00bb]<\/p>\n<ul>\n<li>Informes periciales<\/li>\n<\/ul>\n<p>[\/two_third_last]<\/p>\n<hr class=\"no_line\" style=\"margin: 0 auto 0px auto\"\/>\n\n<p>En el caso de informes periciales, ratificamos el informe ante el tribunal y presentamos las principales conclusiones de forma clara y argumentada.<\/p>\n<p>En el caso de documentaci\u00f3n econ\u00f3mica para ERE\u2019s, presentamos de forma clara y dialogante las conclusiones y propuestas durante las reuniones de negociaci\u00f3n.<\/p>\n<p>&nbsp;<\/p>\n","protected":false},"excerpt":{"rendered":"<p>[two_third_last]Colaboramos con abogados y letrados en procesos en los que se da una complejidad de tipoecon\u00f3mico, para facilitar la toma de decisiones. [headline type=\u00bbh3&#8243; title=\u00bbLaboral\u00bb] Informes<span class=\"excerpt-hellip\"> [\u2026]<\/span><\/p>\n","protected":false},"author":1,"featured_media":0,"parent":0,"menu_order":0,"comment_status":"closed","ping_status":"open","template":"","meta":{"footnotes":""},"class_list":["post-4514","page","type-page","status-publish","hentry"],"yoast_head":"<!-- This site is optimized with the Yoast SEO plugin v27.4 - https:\/\/yoast.com\/product\/yoast-seo-wordpress\/ -->\n<title>Documentaci\u00f3n econ\u00f3mica para procesos judiciales<\/title>\n<meta name=\"description\" content=\"Documentaci\u00f3n econ\u00f3mica para procesos judiciales. Documentaci\u00f3n econ\u00f3mica para abogados: informes periciales. Documentaci\u00f3n para ERE&#039;s. Elisabet Bach.\" \/>\n<meta name=\"robots\" content=\"index, follow, max-snippet:-1, max-image-preview:large, max-video-preview:-1\" \/>\n<link rel=\"canonical\" href=\"https:\/\/www.elisabetbach.com\/es\/documentacion-economica\/\" \/>\n<meta property=\"og:locale\" content=\"es_ES\" \/>\n<meta property=\"og:type\" content=\"article\" \/>\n<meta property=\"og:title\" content=\"Documentaci\u00f3n econ\u00f3mica para procesos judiciales\" \/>\n<meta property=\"og:description\" content=\"Documentaci\u00f3n econ\u00f3mica para procesos judiciales. Documentaci\u00f3n econ\u00f3mica para abogados: informes periciales. Documentaci\u00f3n para ERE&#039;s. Elisabet Bach.\" \/>\n<meta property=\"og:url\" content=\"https:\/\/www.elisabetbach.com\/es\/documentacion-economica\/\" \/>\n<meta property=\"og:site_name\" content=\"Elisabet Bach\" \/>\n<meta property=\"article:publisher\" content=\"https:\/\/www.facebook.com\/elisabetbacholler\/\" \/>\n<meta property=\"article:modified_time\" content=\"2019-04-02T10:58:51+00:00\" \/>\n<meta property=\"og:image\" content=\"http:\/\/www.elisabetbach.com\/wp-content\/uploads\/2014\/03\/ima08.jpg\" \/>\n<meta name=\"twitter:label1\" content=\"Tiempo de lectura\" \/>\n\t<meta name=\"twitter:data1\" content=\"1 minuto\" \/>\n<script type=\"application\/ld+json\" class=\"yoast-schema-graph\">{\"@context\":\"https:\\\/\\\/schema.org\",\"@graph\":[{\"@type\":\"WebPage\",\"@id\":\"https:\\\/\\\/www.elisabetbach.com\\\/es\\\/documentacion-economica\\\/\",\"url\":\"https:\\\/\\\/www.elisabetbach.com\\\/es\\\/documentacion-economica\\\/\",\"name\":\"Documentaci\u00f3n econ\u00f3mica para procesos judiciales\",\"isPartOf\":{\"@id\":\"https:\\\/\\\/www.elisabetbach.com\\\/#website\"},\"primaryImageOfPage\":{\"@id\":\"https:\\\/\\\/www.elisabetbach.com\\\/es\\\/documentacion-economica\\\/#primaryimage\"},\"image\":{\"@id\":\"https:\\\/\\\/www.elisabetbach.com\\\/es\\\/documentacion-economica\\\/#primaryimage\"},\"thumbnailUrl\":\"http:\\\/\\\/www.elisabetbach.com\\\/wp-content\\\/uploads\\\/2014\\\/03\\\/ima08.jpg\",\"datePublished\":\"2014-03-17T11:54:39+00:00\",\"dateModified\":\"2019-04-02T10:58:51+00:00\",\"description\":\"Documentaci\u00f3n econ\u00f3mica para procesos judiciales. Documentaci\u00f3n econ\u00f3mica para abogados: informes periciales. Documentaci\u00f3n para ERE's. Elisabet Bach.\",\"breadcrumb\":{\"@id\":\"https:\\\/\\\/www.elisabetbach.com\\\/es\\\/documentacion-economica\\\/#breadcrumb\"},\"inLanguage\":\"es\",\"potentialAction\":[{\"@type\":\"ReadAction\",\"target\":[\"https:\\\/\\\/www.elisabetbach.com\\\/es\\\/documentacion-economica\\\/\"]}]},{\"@type\":\"ImageObject\",\"inLanguage\":\"es\",\"@id\":\"https:\\\/\\\/www.elisabetbach.com\\\/es\\\/documentacion-economica\\\/#primaryimage\",\"url\":\"http:\\\/\\\/www.elisabetbach.com\\\/wp-content\\\/uploads\\\/2014\\\/03\\\/ima08.jpg\",\"contentUrl\":\"http:\\\/\\\/www.elisabetbach.com\\\/wp-content\\\/uploads\\\/2014\\\/03\\\/ima08.jpg\"},{\"@type\":\"BreadcrumbList\",\"@id\":\"https:\\\/\\\/www.elisabetbach.com\\\/es\\\/documentacion-economica\\\/#breadcrumb\",\"itemListElement\":[{\"@type\":\"ListItem\",\"position\":1,\"name\":\"Inici\",\"item\":\"https:\\\/\\\/www.elisabetbach.com\\\/es\\\/\"},{\"@type\":\"ListItem\",\"position\":2,\"name\":\"Documentaci\u00f3n econ\u00f3mica para procesos judiciales\"}]},{\"@type\":\"WebSite\",\"@id\":\"https:\\\/\\\/www.elisabetbach.com\\\/#website\",\"url\":\"https:\\\/\\\/www.elisabetbach.com\\\/\",\"name\":\"Elisabet Bach\",\"description\":\"Consultora Econ\u00f3mica y Financiera\",\"publisher\":{\"@id\":\"https:\\\/\\\/www.elisabetbach.com\\\/#organization\"},\"potentialAction\":[{\"@type\":\"SearchAction\",\"target\":{\"@type\":\"EntryPoint\",\"urlTemplate\":\"https:\\\/\\\/www.elisabetbach.com\\\/?s={search_term_string}\"},\"query-input\":{\"@type\":\"PropertyValueSpecification\",\"valueRequired\":true,\"valueName\":\"search_term_string\"}}],\"inLanguage\":\"es\"},{\"@type\":\"Organization\",\"@id\":\"https:\\\/\\\/www.elisabetbach.com\\\/#organization\",\"name\":\"Elisabet Bach\",\"url\":\"https:\\\/\\\/www.elisabetbach.com\\\/\",\"logo\":{\"@type\":\"ImageObject\",\"inLanguage\":\"es\",\"@id\":\"https:\\\/\\\/www.elisabetbach.com\\\/#\\\/schema\\\/logo\\\/image\\\/\",\"url\":\"https:\\\/\\\/www.elisabetbach.com\\\/wp-content\\\/uploads\\\/2014\\\/03\\\/logo.png\",\"contentUrl\":\"https:\\\/\\\/www.elisabetbach.com\\\/wp-content\\\/uploads\\\/2014\\\/03\\\/logo.png\",\"width\":308,\"height\":49,\"caption\":\"Elisabet Bach\"},\"image\":{\"@id\":\"https:\\\/\\\/www.elisabetbach.com\\\/#\\\/schema\\\/logo\\\/image\\\/\"},\"sameAs\":[\"https:\\\/\\\/www.facebook.com\\\/elisabetbacholler\\\/\",\"https:\\\/\\\/x.com\\\/elisabet_bach\",\"https:\\\/\\\/www.linkedin.com\\\/in\\\/elisabetbachconsultant\\\/\",\"https:\\\/\\\/www.youtube.com\\\/channel\\\/UCaoleye0jmPoR0_FLWsGa8Q\"]}]}<\/script>\n<!-- \/ Yoast SEO plugin. -->","yoast_head_json":{"title":"Documentaci\u00f3n econ\u00f3mica para procesos judiciales","description":"Documentaci\u00f3n econ\u00f3mica para procesos judiciales. Documentaci\u00f3n econ\u00f3mica para abogados: informes periciales. Documentaci\u00f3n para ERE's. Elisabet Bach.","robots":{"index":"index","follow":"follow","max-snippet":"max-snippet:-1","max-image-preview":"max-image-preview:large","max-video-preview":"max-video-preview:-1"},"canonical":"https:\/\/www.elisabetbach.com\/es\/documentacion-economica\/","og_locale":"es_ES","og_type":"article","og_title":"Documentaci\u00f3n econ\u00f3mica para procesos judiciales","og_description":"Documentaci\u00f3n econ\u00f3mica para procesos judiciales. Documentaci\u00f3n econ\u00f3mica para abogados: informes periciales. Documentaci\u00f3n para ERE's. Elisabet Bach.","og_url":"https:\/\/www.elisabetbach.com\/es\/documentacion-economica\/","og_site_name":"Elisabet Bach","article_publisher":"https:\/\/www.facebook.com\/elisabetbacholler\/","article_modified_time":"2019-04-02T10:58:51+00:00","og_image":[{"url":"http:\/\/www.elisabetbach.com\/wp-content\/uploads\/2014\/03\/ima08.jpg","type":"","width":"","height":""}],"twitter_misc":{"Tiempo de lectura":"1 minuto"},"schema":{"@context":"https:\/\/schema.org","@graph":[{"@type":"WebPage","@id":"https:\/\/www.elisabetbach.com\/es\/documentacion-economica\/","url":"https:\/\/www.elisabetbach.com\/es\/documentacion-economica\/","name":"Documentaci\u00f3n econ\u00f3mica para procesos judiciales","isPartOf":{"@id":"https:\/\/www.elisabetbach.com\/#website"},"primaryImageOfPage":{"@id":"https:\/\/www.elisabetbach.com\/es\/documentacion-economica\/#primaryimage"},"image":{"@id":"https:\/\/www.elisabetbach.com\/es\/documentacion-economica\/#primaryimage"},"thumbnailUrl":"http:\/\/www.elisabetbach.com\/wp-content\/uploads\/2014\/03\/ima08.jpg","datePublished":"2014-03-17T11:54:39+00:00","dateModified":"2019-04-02T10:58:51+00:00","description":"Documentaci\u00f3n econ\u00f3mica para procesos judiciales. Documentaci\u00f3n econ\u00f3mica para abogados: informes periciales. Documentaci\u00f3n para ERE's. Elisabet Bach.","breadcrumb":{"@id":"https:\/\/www.elisabetbach.com\/es\/documentacion-economica\/#breadcrumb"},"inLanguage":"es","potentialAction":[{"@type":"ReadAction","target":["https:\/\/www.elisabetbach.com\/es\/documentacion-economica\/"]}]},{"@type":"ImageObject","inLanguage":"es","@id":"https:\/\/www.elisabetbach.com\/es\/documentacion-economica\/#primaryimage","url":"http:\/\/www.elisabetbach.com\/wp-content\/uploads\/2014\/03\/ima08.jpg","contentUrl":"http:\/\/www.elisabetbach.com\/wp-content\/uploads\/2014\/03\/ima08.jpg"},{"@type":"BreadcrumbList","@id":"https:\/\/www.elisabetbach.com\/es\/documentacion-economica\/#breadcrumb","itemListElement":[{"@type":"ListItem","position":1,"name":"Inici","item":"https:\/\/www.elisabetbach.com\/es\/"},{"@type":"ListItem","position":2,"name":"Documentaci\u00f3n econ\u00f3mica para procesos judiciales"}]},{"@type":"WebSite","@id":"https:\/\/www.elisabetbach.com\/#website","url":"https:\/\/www.elisabetbach.com\/","name":"Elisabet Bach","description":"Consultora Econ\u00f3mica y Financiera","publisher":{"@id":"https:\/\/www.elisabetbach.com\/#organization"},"potentialAction":[{"@type":"SearchAction","target":{"@type":"EntryPoint","urlTemplate":"https:\/\/www.elisabetbach.com\/?s={search_term_string}"},"query-input":{"@type":"PropertyValueSpecification","valueRequired":true,"valueName":"search_term_string"}}],"inLanguage":"es"},{"@type":"Organization","@id":"https:\/\/www.elisabetbach.com\/#organization","name":"Elisabet Bach","url":"https:\/\/www.elisabetbach.com\/","logo":{"@type":"ImageObject","inLanguage":"es","@id":"https:\/\/www.elisabetbach.com\/#\/schema\/logo\/image\/","url":"https:\/\/www.elisabetbach.com\/wp-content\/uploads\/2014\/03\/logo.png","contentUrl":"https:\/\/www.elisabetbach.com\/wp-content\/uploads\/2014\/03\/logo.png","width":308,"height":49,"caption":"Elisabet Bach"},"image":{"@id":"https:\/\/www.elisabetbach.com\/#\/schema\/logo\/image\/"},"sameAs":["https:\/\/www.facebook.com\/elisabetbacholler\/","https:\/\/x.com\/elisabet_bach","https:\/\/www.linkedin.com\/in\/elisabetbachconsultant\/","https:\/\/www.youtube.com\/channel\/UCaoleye0jmPoR0_FLWsGa8Q"]}]}},"_links":{"self":[{"href":"https:\/\/www.elisabetbach.com\/es\/wp-json\/wp\/v2\/pages\/4514","targetHints":{"allow":["GET"]}}],"collection":[{"href":"https:\/\/www.elisabetbach.com\/es\/wp-json\/wp\/v2\/pages"}],"about":[{"href":"https:\/\/www.elisabetbach.com\/es\/wp-json\/wp\/v2\/types\/page"}],"author":[{"embeddable":true,"href":"https:\/\/www.elisabetbach.com\/es\/wp-json\/wp\/v2\/users\/1"}],"replies":[{"embeddable":true,"href":"https:\/\/www.elisabetbach.com\/es\/wp-json\/wp\/v2\/comments?post=4514"}],"version-history":[{"count":4,"href":"https:\/\/www.elisabetbach.com\/es\/wp-json\/wp\/v2\/pages\/4514\/revisions"}],"predecessor-version":[{"id":4692,"href":"https:\/\/www.elisabetbach.com\/es\/wp-json\/wp\/v2\/pages\/4514\/revisions\/4692"}],"wp:attachment":[{"href":"https:\/\/www.elisabetbach.com\/es\/wp-json\/wp\/v2\/media?parent=4514"}],"curies":[{"name":"wp","href":"https:\/\/api.w.org\/{rel}","templated":true}]}}