{"id":4927,"date":"2015-09-17T15:17:11","date_gmt":"2015-09-17T15:17:11","guid":{"rendered":"http:\/\/www.elisabetbach.com\/es\/formacion-y-comunicacion\/crowdsourcing-seed-capital-i-business-angels-o-quin-es-el-financament-privat-mes-adequat-per-al-meu-projecte\/"},"modified":"2019-04-02T10:58:51","modified_gmt":"2019-04-02T10:58:51","slug":"crowdsourcing-seed-capital-y-business-angels-o-cual-es-la-financiacion-privada-mas-adecuada-para-mi-proyecto","status":"publish","type":"page","link":"https:\/\/www.elisabetbach.com\/es\/formacion-y-comunicacion\/crowdsourcing-seed-capital-y-business-angels-o-cual-es-la-financiacion-privada-mas-adecuada-para-mi-proyecto\/","title":{"rendered":"Crowdsourcing, seed capital i Business Angels&#8230; o \u00bfcu\u00e1l es la financiaci\u00f3n privada m\u00e1s adecuada para mi proyecto?"},"content":{"rendered":"<p>[headline type=\u00bbh3&#8243; title=\u00bbContenido\u00bb]<\/p>\n<p><strong>Alternativas de financiaci\u00f3n privada (tambi\u00e9n denominada \u00abfinanciaci\u00f3n alternativa\u00bb)<\/strong> para las empresas, m\u00e1s all\u00e1 de las opciones bancarias tradicionales<strong>: <em>crowdfunding<\/em>, <em>crowdlending<\/em>, <em>crowdequity<\/em>, <em>business angels<\/em>, <em>venture capital<\/em>\u2026<\/strong><\/p>\n<p>En esta formaci\u00f3n, se abordar\u00e1n cuestiones como: \u00bfen qu\u00e9 consiste cada modalidad de financiaci\u00f3n privada?, \u00bfen qu\u00e9 momento empresarial es m\u00e1s adecuada cada opci\u00f3n?, \u00bfqu\u00e9 requisitos y tr\u00e1mites debo seguir?, \u00bfqu\u00e9 condicionantes me supone?, \u00bfqu\u00e9 otras ventajas me pueden suponer el <em>crowdfunding<\/em>, los <em>business angels<\/em> y el <em>venture capital<\/em>, m\u00e1s all\u00e1 de la financiaci\u00f3n?<\/p>\n<p>[headline type=\u00bbh3&#8243; title=\u00bbA qui\u00e9n va dirigido\u00bb]<\/p>\n<p>Empresas de nueva creaci\u00f3n, micropymes y pymes consolidadas que quieran conocer las alternativas actuales de financiaci\u00f3n, m\u00e1s all\u00e1 de la opci\u00f3n bancaria<\/p>\n<p>[headline type=\u00bbh3&#8243; title=\u00bbDuraci\u00f3n\u00bb]<\/p>\n<p>2 horas<\/p>\n<p>[headline type=\u00bbh3&#8243; title=\u00bbObservaciones\u00bb]<\/p>\n<p>En el caso de municipios de la provincia de Barcelona, esta formaci\u00f3n se ofrece en colaboraci\u00f3n con el Colegio de Economistas de Catalu\u00f1a y la Diputaci\u00f3n de Barcelona. Sesi\u00f3n informativa incluida en la Recopilaci\u00f3n de Actividades para el Apoyo del Tejido Empresarial (2015) de la Diputaci\u00f3n de Barcelona (Ref. S\/EF 24)<\/p>\n","protected":false},"excerpt":{"rendered":"<p>[headline type=\u00bbh3&#8243; title=\u00bbContenido\u00bb] Alternativas de financiaci\u00f3n privada (tambi\u00e9n denominada \u00abfinanciaci\u00f3n alternativa\u00bb) para las empresas, m\u00e1s all\u00e1 de las opciones bancarias tradicionales: crowdfunding, crowdlending, crowdequity, business angels,<span class=\"excerpt-hellip\"> [\u2026]<\/span><\/p>\n","protected":false},"author":1,"featured_media":0,"parent":4907,"menu_order":0,"comment_status":"closed","ping_status":"closed","template":"","meta":{"footnotes":""},"class_list":["post-4927","page","type-page","status-publish","hentry"],"yoast_head":"<!-- This site is optimized with the Yoast SEO plugin v27.4 - https:\/\/yoast.com\/product\/yoast-seo-wordpress\/ -->\n<title>Crowdsourcing, seed capital i Business Angels... o \u00bfcu\u00e1l es la financiaci\u00f3n privada m\u00e1s adecuada para mi proyecto? - Elisabet Bach<\/title>\n<meta name=\"robots\" content=\"index, follow, max-snippet:-1, max-image-preview:large, max-video-preview:-1\" \/>\n<link rel=\"canonical\" href=\"https:\/\/www.elisabetbach.com\/es\/formacion-y-comunicacion\/crowdsourcing-seed-capital-y-business-angels-o-cual-es-la-financiacion-privada-mas-adecuada-para-mi-proyecto\/\" \/>\n<meta property=\"og:locale\" content=\"es_ES\" \/>\n<meta property=\"og:type\" content=\"article\" \/>\n<meta property=\"og:title\" content=\"Crowdsourcing, seed capital i Business Angels... o \u00bfcu\u00e1l es la financiaci\u00f3n privada m\u00e1s adecuada para mi proyecto? - Elisabet Bach\" \/>\n<meta property=\"og:description\" content=\"[headline type=\u00bbh3&#8243; title=\u00bbContenido\u00bb] Alternativas de financiaci\u00f3n privada (tambi\u00e9n denominada \u00abfinanciaci\u00f3n alternativa\u00bb) para las empresas, m\u00e1s all\u00e1 de las opciones bancarias tradicionales: crowdfunding, crowdlending, crowdequity, business angels, [\u2026]\" \/>\n<meta property=\"og:url\" content=\"https:\/\/www.elisabetbach.com\/es\/formacion-y-comunicacion\/crowdsourcing-seed-capital-y-business-angels-o-cual-es-la-financiacion-privada-mas-adecuada-para-mi-proyecto\/\" \/>\n<meta property=\"og:site_name\" content=\"Elisabet Bach\" \/>\n<meta property=\"article:publisher\" content=\"https:\/\/www.facebook.com\/elisabetbacholler\/\" \/>\n<meta property=\"article:modified_time\" content=\"2019-04-02T10:58:51+00:00\" \/>\n<meta name=\"twitter:label1\" content=\"Tiempo de lectura\" \/>\n\t<meta name=\"twitter:data1\" content=\"1 minuto\" \/>\n<script type=\"application\/ld+json\" class=\"yoast-schema-graph\">{\"@context\":\"https:\\\/\\\/schema.org\",\"@graph\":[{\"@type\":\"WebPage\",\"@id\":\"https:\\\/\\\/www.elisabetbach.com\\\/es\\\/formacion-y-comunicacion\\\/crowdsourcing-seed-capital-y-business-angels-o-cual-es-la-financiacion-privada-mas-adecuada-para-mi-proyecto\\\/\",\"url\":\"https:\\\/\\\/www.elisabetbach.com\\\/es\\\/formacion-y-comunicacion\\\/crowdsourcing-seed-capital-y-business-angels-o-cual-es-la-financiacion-privada-mas-adecuada-para-mi-proyecto\\\/\",\"name\":\"Crowdsourcing, seed capital i Business Angels... o \u00bfcu\u00e1l es la financiaci\u00f3n privada m\u00e1s adecuada para mi proyecto? - Elisabet Bach\",\"isPartOf\":{\"@id\":\"https:\\\/\\\/www.elisabetbach.com\\\/#website\"},\"datePublished\":\"2015-09-17T15:17:11+00:00\",\"dateModified\":\"2019-04-02T10:58:51+00:00\",\"breadcrumb\":{\"@id\":\"https:\\\/\\\/www.elisabetbach.com\\\/es\\\/formacion-y-comunicacion\\\/crowdsourcing-seed-capital-y-business-angels-o-cual-es-la-financiacion-privada-mas-adecuada-para-mi-proyecto\\\/#breadcrumb\"},\"inLanguage\":\"es\",\"potentialAction\":[{\"@type\":\"ReadAction\",\"target\":[\"https:\\\/\\\/www.elisabetbach.com\\\/es\\\/formacion-y-comunicacion\\\/crowdsourcing-seed-capital-y-business-angels-o-cual-es-la-financiacion-privada-mas-adecuada-para-mi-proyecto\\\/\"]}]},{\"@type\":\"BreadcrumbList\",\"@id\":\"https:\\\/\\\/www.elisabetbach.com\\\/es\\\/formacion-y-comunicacion\\\/crowdsourcing-seed-capital-y-business-angels-o-cual-es-la-financiacion-privada-mas-adecuada-para-mi-proyecto\\\/#breadcrumb\",\"itemListElement\":[{\"@type\":\"ListItem\",\"position\":1,\"name\":\"Inici\",\"item\":\"https:\\\/\\\/www.elisabetbach.com\\\/es\\\/\"},{\"@type\":\"ListItem\",\"position\":2,\"name\":\"Formaci\u00f3n y comunicaci\u00f3n\",\"item\":\"https:\\\/\\\/www.elisabetbach.com\\\/es\\\/formacion-y-comunicacion\\\/\"},{\"@type\":\"ListItem\",\"position\":3,\"name\":\"Crowdsourcing, seed capital i Business Angels&#8230; o \u00bfcu\u00e1l es la financiaci\u00f3n privada m\u00e1s adecuada para mi proyecto?\"}]},{\"@type\":\"WebSite\",\"@id\":\"https:\\\/\\\/www.elisabetbach.com\\\/#website\",\"url\":\"https:\\\/\\\/www.elisabetbach.com\\\/\",\"name\":\"Elisabet Bach\",\"description\":\"Consultora Econ\u00f3mica y Financiera\",\"publisher\":{\"@id\":\"https:\\\/\\\/www.elisabetbach.com\\\/#organization\"},\"potentialAction\":[{\"@type\":\"SearchAction\",\"target\":{\"@type\":\"EntryPoint\",\"urlTemplate\":\"https:\\\/\\\/www.elisabetbach.com\\\/?s={search_term_string}\"},\"query-input\":{\"@type\":\"PropertyValueSpecification\",\"valueRequired\":true,\"valueName\":\"search_term_string\"}}],\"inLanguage\":\"es\"},{\"@type\":\"Organization\",\"@id\":\"https:\\\/\\\/www.elisabetbach.com\\\/#organization\",\"name\":\"Elisabet Bach\",\"url\":\"https:\\\/\\\/www.elisabetbach.com\\\/\",\"logo\":{\"@type\":\"ImageObject\",\"inLanguage\":\"es\",\"@id\":\"https:\\\/\\\/www.elisabetbach.com\\\/#\\\/schema\\\/logo\\\/image\\\/\",\"url\":\"https:\\\/\\\/www.elisabetbach.com\\\/wp-content\\\/uploads\\\/2014\\\/03\\\/logo.png\",\"contentUrl\":\"https:\\\/\\\/www.elisabetbach.com\\\/wp-content\\\/uploads\\\/2014\\\/03\\\/logo.png\",\"width\":308,\"height\":49,\"caption\":\"Elisabet Bach\"},\"image\":{\"@id\":\"https:\\\/\\\/www.elisabetbach.com\\\/#\\\/schema\\\/logo\\\/image\\\/\"},\"sameAs\":[\"https:\\\/\\\/www.facebook.com\\\/elisabetbacholler\\\/\",\"https:\\\/\\\/x.com\\\/elisabet_bach\",\"https:\\\/\\\/www.linkedin.com\\\/in\\\/elisabetbachconsultant\\\/\",\"https:\\\/\\\/www.youtube.com\\\/channel\\\/UCaoleye0jmPoR0_FLWsGa8Q\"]}]}<\/script>\n<!-- \/ Yoast SEO plugin. -->","yoast_head_json":{"title":"Crowdsourcing, seed capital i Business Angels... o \u00bfcu\u00e1l es la financiaci\u00f3n privada m\u00e1s adecuada para mi proyecto? - Elisabet Bach","robots":{"index":"index","follow":"follow","max-snippet":"max-snippet:-1","max-image-preview":"max-image-preview:large","max-video-preview":"max-video-preview:-1"},"canonical":"https:\/\/www.elisabetbach.com\/es\/formacion-y-comunicacion\/crowdsourcing-seed-capital-y-business-angels-o-cual-es-la-financiacion-privada-mas-adecuada-para-mi-proyecto\/","og_locale":"es_ES","og_type":"article","og_title":"Crowdsourcing, seed capital i Business Angels... o \u00bfcu\u00e1l es la financiaci\u00f3n privada m\u00e1s adecuada para mi proyecto? - Elisabet Bach","og_description":"[headline type=\u00bbh3&#8243; title=\u00bbContenido\u00bb] Alternativas de financiaci\u00f3n privada (tambi\u00e9n denominada \u00abfinanciaci\u00f3n alternativa\u00bb) para las empresas, m\u00e1s all\u00e1 de las opciones bancarias tradicionales: crowdfunding, crowdlending, crowdequity, business angels, [\u2026]","og_url":"https:\/\/www.elisabetbach.com\/es\/formacion-y-comunicacion\/crowdsourcing-seed-capital-y-business-angels-o-cual-es-la-financiacion-privada-mas-adecuada-para-mi-proyecto\/","og_site_name":"Elisabet Bach","article_publisher":"https:\/\/www.facebook.com\/elisabetbacholler\/","article_modified_time":"2019-04-02T10:58:51+00:00","twitter_misc":{"Tiempo de lectura":"1 minuto"},"schema":{"@context":"https:\/\/schema.org","@graph":[{"@type":"WebPage","@id":"https:\/\/www.elisabetbach.com\/es\/formacion-y-comunicacion\/crowdsourcing-seed-capital-y-business-angels-o-cual-es-la-financiacion-privada-mas-adecuada-para-mi-proyecto\/","url":"https:\/\/www.elisabetbach.com\/es\/formacion-y-comunicacion\/crowdsourcing-seed-capital-y-business-angels-o-cual-es-la-financiacion-privada-mas-adecuada-para-mi-proyecto\/","name":"Crowdsourcing, seed capital i Business Angels... o \u00bfcu\u00e1l es la financiaci\u00f3n privada m\u00e1s adecuada para mi proyecto? - Elisabet Bach","isPartOf":{"@id":"https:\/\/www.elisabetbach.com\/#website"},"datePublished":"2015-09-17T15:17:11+00:00","dateModified":"2019-04-02T10:58:51+00:00","breadcrumb":{"@id":"https:\/\/www.elisabetbach.com\/es\/formacion-y-comunicacion\/crowdsourcing-seed-capital-y-business-angels-o-cual-es-la-financiacion-privada-mas-adecuada-para-mi-proyecto\/#breadcrumb"},"inLanguage":"es","potentialAction":[{"@type":"ReadAction","target":["https:\/\/www.elisabetbach.com\/es\/formacion-y-comunicacion\/crowdsourcing-seed-capital-y-business-angels-o-cual-es-la-financiacion-privada-mas-adecuada-para-mi-proyecto\/"]}]},{"@type":"BreadcrumbList","@id":"https:\/\/www.elisabetbach.com\/es\/formacion-y-comunicacion\/crowdsourcing-seed-capital-y-business-angels-o-cual-es-la-financiacion-privada-mas-adecuada-para-mi-proyecto\/#breadcrumb","itemListElement":[{"@type":"ListItem","position":1,"name":"Inici","item":"https:\/\/www.elisabetbach.com\/es\/"},{"@type":"ListItem","position":2,"name":"Formaci\u00f3n y comunicaci\u00f3n","item":"https:\/\/www.elisabetbach.com\/es\/formacion-y-comunicacion\/"},{"@type":"ListItem","position":3,"name":"Crowdsourcing, seed capital i Business Angels&#8230; o \u00bfcu\u00e1l es la financiaci\u00f3n privada m\u00e1s adecuada para mi proyecto?"}]},{"@type":"WebSite","@id":"https:\/\/www.elisabetbach.com\/#website","url":"https:\/\/www.elisabetbach.com\/","name":"Elisabet Bach","description":"Consultora Econ\u00f3mica y Financiera","publisher":{"@id":"https:\/\/www.elisabetbach.com\/#organization"},"potentialAction":[{"@type":"SearchAction","target":{"@type":"EntryPoint","urlTemplate":"https:\/\/www.elisabetbach.com\/?s={search_term_string}"},"query-input":{"@type":"PropertyValueSpecification","valueRequired":true,"valueName":"search_term_string"}}],"inLanguage":"es"},{"@type":"Organization","@id":"https:\/\/www.elisabetbach.com\/#organization","name":"Elisabet Bach","url":"https:\/\/www.elisabetbach.com\/","logo":{"@type":"ImageObject","inLanguage":"es","@id":"https:\/\/www.elisabetbach.com\/#\/schema\/logo\/image\/","url":"https:\/\/www.elisabetbach.com\/wp-content\/uploads\/2014\/03\/logo.png","contentUrl":"https:\/\/www.elisabetbach.com\/wp-content\/uploads\/2014\/03\/logo.png","width":308,"height":49,"caption":"Elisabet Bach"},"image":{"@id":"https:\/\/www.elisabetbach.com\/#\/schema\/logo\/image\/"},"sameAs":["https:\/\/www.facebook.com\/elisabetbacholler\/","https:\/\/x.com\/elisabet_bach","https:\/\/www.linkedin.com\/in\/elisabetbachconsultant\/","https:\/\/www.youtube.com\/channel\/UCaoleye0jmPoR0_FLWsGa8Q"]}]}},"_links":{"self":[{"href":"https:\/\/www.elisabetbach.com\/es\/wp-json\/wp\/v2\/pages\/4927","targetHints":{"allow":["GET"]}}],"collection":[{"href":"https:\/\/www.elisabetbach.com\/es\/wp-json\/wp\/v2\/pages"}],"about":[{"href":"https:\/\/www.elisabetbach.com\/es\/wp-json\/wp\/v2\/types\/page"}],"author":[{"embeddable":true,"href":"https:\/\/www.elisabetbach.com\/es\/wp-json\/wp\/v2\/users\/1"}],"replies":[{"embeddable":true,"href":"https:\/\/www.elisabetbach.com\/es\/wp-json\/wp\/v2\/comments?post=4927"}],"version-history":[{"count":4,"href":"https:\/\/www.elisabetbach.com\/es\/wp-json\/wp\/v2\/pages\/4927\/revisions"}],"predecessor-version":[{"id":4939,"href":"https:\/\/www.elisabetbach.com\/es\/wp-json\/wp\/v2\/pages\/4927\/revisions\/4939"}],"up":[{"embeddable":true,"href":"https:\/\/www.elisabetbach.com\/es\/wp-json\/wp\/v2\/pages\/4907"}],"wp:attachment":[{"href":"https:\/\/www.elisabetbach.com\/es\/wp-json\/wp\/v2\/media?parent=4927"}],"curies":[{"name":"wp","href":"https:\/\/api.w.org\/{rel}","templated":true}]}}