{"id":4928,"date":"2015-09-17T15:21:01","date_gmt":"2015-09-17T15:21:01","guid":{"rendered":"http:\/\/www.elisabetbach.com\/es\/formacion-y-comunicacion\/fonts-de-financament-per-a-noves-empreses\/"},"modified":"2019-04-02T10:58:51","modified_gmt":"2019-04-02T10:58:51","slug":"fuentes-de-financiacion-para-nuevas-empresas","status":"publish","type":"page","link":"https:\/\/www.elisabetbach.com\/es\/formacion-y-comunicacion\/fuentes-de-financiacion-para-nuevas-empresas\/","title":{"rendered":"Fuentes de financiaci\u00f3n para nuevas empresas"},"content":{"rendered":"<p>[headline type=\u00bbh3&#8243; title=\u00bbContenido\u00bb]<\/p>\n<p>La financiaci\u00f3n es uno de los elementos clave de la empresa y, especialmente, de las que empiezan, pues en ella confluyen varios aspectos:<\/p>\n<ul>\n<li>La necesidad de dinero para la inversi\u00f3n en activo no corriente (maquinaria, ordenadores, instrumentos&#8230;), b\u00e1sicamente para la puesta en marcha de la empresa.<\/li>\n<li>La falta de ingresos suficientes para atender los gastos, hecho que supone una mayor necesidad de fondos durante unos meses.<\/li>\n<li>La no disponibilidad de financiaci\u00f3n autom\u00e1tica o c\u00edclica por el simple hecho de ser una empresa emergente: los proveedores, ante el riesgo de impago, suelen cobrar al contado las primeras operaciones, lo cual incrementa la necesidad de dinero al inicio de la empresa.<\/li>\n<\/ul>\n<p>Si a esta mayor necesidad de fondos le a\u00f1adimos el mayor riesgo que supone para terceros invertir en empresas de nuevas creaci\u00f3n \u2500cuya viabilidad solo est\u00e1 sobre el papel\u2500, la tarea de encontrar financiaci\u00f3n para ponerlas en marcha parece casi imposible.<\/p>\n<p>En este curso presentamos las diferentes tipolog\u00edas de financiaci\u00f3n que existen en el mercado (bancaria, p\u00fablica y privada), as\u00ed como en qu\u00e9 momentos del proyecto es m\u00e1s adecuado cada una de ellas y qu\u00e9 nos aportan, aparte de dinero.<\/p>\n<p>[headline type=\u00bbh3&#8243; title=\u00bbA qui\u00e9n va dirigido\u00bb]<\/p>\n<p>Emprendedores, aut\u00f3nomos y empresarios que quieran conocer las diferentes opciones de financiaci\u00f3n para su proyecto o para su negocio.<\/p>\n<p>[headline type=\u00bbh3&#8243; title=\u00bbDuraci\u00f3n\u00bb]<\/p>\n<p>4 horas<\/p>\n","protected":false},"excerpt":{"rendered":"<p>[headline type=\u00bbh3&#8243; title=\u00bbContenido\u00bb] La financiaci\u00f3n es uno de los elementos clave de la empresa y, especialmente, de las que empiezan, pues en ella confluyen varios aspectos:<span class=\"excerpt-hellip\"> [\u2026]<\/span><\/p>\n","protected":false},"author":1,"featured_media":0,"parent":4907,"menu_order":0,"comment_status":"closed","ping_status":"closed","template":"","meta":{"footnotes":""},"class_list":["post-4928","page","type-page","status-publish","hentry"],"yoast_head":"<!-- This site is optimized with the Yoast SEO plugin v27.4 - https:\/\/yoast.com\/product\/yoast-seo-wordpress\/ -->\n<title>Fuentes de financiaci\u00f3n para nuevas empresas - Elisabet Bach<\/title>\n<meta name=\"robots\" content=\"index, follow, max-snippet:-1, max-image-preview:large, max-video-preview:-1\" \/>\n<link rel=\"canonical\" href=\"https:\/\/www.elisabetbach.com\/es\/formacion-y-comunicacion\/fuentes-de-financiacion-para-nuevas-empresas\/\" \/>\n<meta property=\"og:locale\" content=\"es_ES\" \/>\n<meta property=\"og:type\" content=\"article\" \/>\n<meta property=\"og:title\" content=\"Fuentes de financiaci\u00f3n para nuevas empresas - Elisabet Bach\" \/>\n<meta property=\"og:description\" content=\"[headline type=\u00bbh3&#8243; title=\u00bbContenido\u00bb] La financiaci\u00f3n es uno de los elementos clave de la empresa y, especialmente, de las que empiezan, pues en ella confluyen varios aspectos: [\u2026]\" \/>\n<meta property=\"og:url\" content=\"https:\/\/www.elisabetbach.com\/es\/formacion-y-comunicacion\/fuentes-de-financiacion-para-nuevas-empresas\/\" \/>\n<meta property=\"og:site_name\" content=\"Elisabet Bach\" \/>\n<meta property=\"article:publisher\" content=\"https:\/\/www.facebook.com\/elisabetbacholler\/\" \/>\n<meta property=\"article:modified_time\" content=\"2019-04-02T10:58:51+00:00\" \/>\n<meta name=\"twitter:label1\" content=\"Tiempo de lectura\" \/>\n\t<meta name=\"twitter:data1\" content=\"1 minuto\" \/>\n<script type=\"application\/ld+json\" class=\"yoast-schema-graph\">{\"@context\":\"https:\\\/\\\/schema.org\",\"@graph\":[{\"@type\":\"WebPage\",\"@id\":\"https:\\\/\\\/www.elisabetbach.com\\\/es\\\/formacion-y-comunicacion\\\/fuentes-de-financiacion-para-nuevas-empresas\\\/\",\"url\":\"https:\\\/\\\/www.elisabetbach.com\\\/es\\\/formacion-y-comunicacion\\\/fuentes-de-financiacion-para-nuevas-empresas\\\/\",\"name\":\"Fuentes de financiaci\u00f3n para nuevas empresas - Elisabet Bach\",\"isPartOf\":{\"@id\":\"https:\\\/\\\/www.elisabetbach.com\\\/#website\"},\"datePublished\":\"2015-09-17T15:21:01+00:00\",\"dateModified\":\"2019-04-02T10:58:51+00:00\",\"breadcrumb\":{\"@id\":\"https:\\\/\\\/www.elisabetbach.com\\\/es\\\/formacion-y-comunicacion\\\/fuentes-de-financiacion-para-nuevas-empresas\\\/#breadcrumb\"},\"inLanguage\":\"es\",\"potentialAction\":[{\"@type\":\"ReadAction\",\"target\":[\"https:\\\/\\\/www.elisabetbach.com\\\/es\\\/formacion-y-comunicacion\\\/fuentes-de-financiacion-para-nuevas-empresas\\\/\"]}]},{\"@type\":\"BreadcrumbList\",\"@id\":\"https:\\\/\\\/www.elisabetbach.com\\\/es\\\/formacion-y-comunicacion\\\/fuentes-de-financiacion-para-nuevas-empresas\\\/#breadcrumb\",\"itemListElement\":[{\"@type\":\"ListItem\",\"position\":1,\"name\":\"Inici\",\"item\":\"https:\\\/\\\/www.elisabetbach.com\\\/es\\\/\"},{\"@type\":\"ListItem\",\"position\":2,\"name\":\"Formaci\u00f3n y comunicaci\u00f3n\",\"item\":\"https:\\\/\\\/www.elisabetbach.com\\\/es\\\/formacion-y-comunicacion\\\/\"},{\"@type\":\"ListItem\",\"position\":3,\"name\":\"Fuentes de financiaci\u00f3n para nuevas empresas\"}]},{\"@type\":\"WebSite\",\"@id\":\"https:\\\/\\\/www.elisabetbach.com\\\/#website\",\"url\":\"https:\\\/\\\/www.elisabetbach.com\\\/\",\"name\":\"Elisabet Bach\",\"description\":\"Consultora Econ\u00f3mica y Financiera\",\"publisher\":{\"@id\":\"https:\\\/\\\/www.elisabetbach.com\\\/#organization\"},\"potentialAction\":[{\"@type\":\"SearchAction\",\"target\":{\"@type\":\"EntryPoint\",\"urlTemplate\":\"https:\\\/\\\/www.elisabetbach.com\\\/?s={search_term_string}\"},\"query-input\":{\"@type\":\"PropertyValueSpecification\",\"valueRequired\":true,\"valueName\":\"search_term_string\"}}],\"inLanguage\":\"es\"},{\"@type\":\"Organization\",\"@id\":\"https:\\\/\\\/www.elisabetbach.com\\\/#organization\",\"name\":\"Elisabet Bach\",\"url\":\"https:\\\/\\\/www.elisabetbach.com\\\/\",\"logo\":{\"@type\":\"ImageObject\",\"inLanguage\":\"es\",\"@id\":\"https:\\\/\\\/www.elisabetbach.com\\\/#\\\/schema\\\/logo\\\/image\\\/\",\"url\":\"https:\\\/\\\/www.elisabetbach.com\\\/wp-content\\\/uploads\\\/2014\\\/03\\\/logo.png\",\"contentUrl\":\"https:\\\/\\\/www.elisabetbach.com\\\/wp-content\\\/uploads\\\/2014\\\/03\\\/logo.png\",\"width\":308,\"height\":49,\"caption\":\"Elisabet Bach\"},\"image\":{\"@id\":\"https:\\\/\\\/www.elisabetbach.com\\\/#\\\/schema\\\/logo\\\/image\\\/\"},\"sameAs\":[\"https:\\\/\\\/www.facebook.com\\\/elisabetbacholler\\\/\",\"https:\\\/\\\/x.com\\\/elisabet_bach\",\"https:\\\/\\\/www.linkedin.com\\\/in\\\/elisabetbachconsultant\\\/\",\"https:\\\/\\\/www.youtube.com\\\/channel\\\/UCaoleye0jmPoR0_FLWsGa8Q\"]}]}<\/script>\n<!-- \/ Yoast SEO plugin. -->","yoast_head_json":{"title":"Fuentes de financiaci\u00f3n para nuevas empresas - Elisabet Bach","robots":{"index":"index","follow":"follow","max-snippet":"max-snippet:-1","max-image-preview":"max-image-preview:large","max-video-preview":"max-video-preview:-1"},"canonical":"https:\/\/www.elisabetbach.com\/es\/formacion-y-comunicacion\/fuentes-de-financiacion-para-nuevas-empresas\/","og_locale":"es_ES","og_type":"article","og_title":"Fuentes de financiaci\u00f3n para nuevas empresas - Elisabet Bach","og_description":"[headline type=\u00bbh3&#8243; title=\u00bbContenido\u00bb] La financiaci\u00f3n es uno de los elementos clave de la empresa y, especialmente, de las que empiezan, pues en ella confluyen varios aspectos: [\u2026]","og_url":"https:\/\/www.elisabetbach.com\/es\/formacion-y-comunicacion\/fuentes-de-financiacion-para-nuevas-empresas\/","og_site_name":"Elisabet Bach","article_publisher":"https:\/\/www.facebook.com\/elisabetbacholler\/","article_modified_time":"2019-04-02T10:58:51+00:00","twitter_misc":{"Tiempo de lectura":"1 minuto"},"schema":{"@context":"https:\/\/schema.org","@graph":[{"@type":"WebPage","@id":"https:\/\/www.elisabetbach.com\/es\/formacion-y-comunicacion\/fuentes-de-financiacion-para-nuevas-empresas\/","url":"https:\/\/www.elisabetbach.com\/es\/formacion-y-comunicacion\/fuentes-de-financiacion-para-nuevas-empresas\/","name":"Fuentes de financiaci\u00f3n para nuevas empresas - Elisabet Bach","isPartOf":{"@id":"https:\/\/www.elisabetbach.com\/#website"},"datePublished":"2015-09-17T15:21:01+00:00","dateModified":"2019-04-02T10:58:51+00:00","breadcrumb":{"@id":"https:\/\/www.elisabetbach.com\/es\/formacion-y-comunicacion\/fuentes-de-financiacion-para-nuevas-empresas\/#breadcrumb"},"inLanguage":"es","potentialAction":[{"@type":"ReadAction","target":["https:\/\/www.elisabetbach.com\/es\/formacion-y-comunicacion\/fuentes-de-financiacion-para-nuevas-empresas\/"]}]},{"@type":"BreadcrumbList","@id":"https:\/\/www.elisabetbach.com\/es\/formacion-y-comunicacion\/fuentes-de-financiacion-para-nuevas-empresas\/#breadcrumb","itemListElement":[{"@type":"ListItem","position":1,"name":"Inici","item":"https:\/\/www.elisabetbach.com\/es\/"},{"@type":"ListItem","position":2,"name":"Formaci\u00f3n y comunicaci\u00f3n","item":"https:\/\/www.elisabetbach.com\/es\/formacion-y-comunicacion\/"},{"@type":"ListItem","position":3,"name":"Fuentes de financiaci\u00f3n para nuevas empresas"}]},{"@type":"WebSite","@id":"https:\/\/www.elisabetbach.com\/#website","url":"https:\/\/www.elisabetbach.com\/","name":"Elisabet Bach","description":"Consultora Econ\u00f3mica y Financiera","publisher":{"@id":"https:\/\/www.elisabetbach.com\/#organization"},"potentialAction":[{"@type":"SearchAction","target":{"@type":"EntryPoint","urlTemplate":"https:\/\/www.elisabetbach.com\/?s={search_term_string}"},"query-input":{"@type":"PropertyValueSpecification","valueRequired":true,"valueName":"search_term_string"}}],"inLanguage":"es"},{"@type":"Organization","@id":"https:\/\/www.elisabetbach.com\/#organization","name":"Elisabet Bach","url":"https:\/\/www.elisabetbach.com\/","logo":{"@type":"ImageObject","inLanguage":"es","@id":"https:\/\/www.elisabetbach.com\/#\/schema\/logo\/image\/","url":"https:\/\/www.elisabetbach.com\/wp-content\/uploads\/2014\/03\/logo.png","contentUrl":"https:\/\/www.elisabetbach.com\/wp-content\/uploads\/2014\/03\/logo.png","width":308,"height":49,"caption":"Elisabet Bach"},"image":{"@id":"https:\/\/www.elisabetbach.com\/#\/schema\/logo\/image\/"},"sameAs":["https:\/\/www.facebook.com\/elisabetbacholler\/","https:\/\/x.com\/elisabet_bach","https:\/\/www.linkedin.com\/in\/elisabetbachconsultant\/","https:\/\/www.youtube.com\/channel\/UCaoleye0jmPoR0_FLWsGa8Q"]}]}},"_links":{"self":[{"href":"https:\/\/www.elisabetbach.com\/es\/wp-json\/wp\/v2\/pages\/4928","targetHints":{"allow":["GET"]}}],"collection":[{"href":"https:\/\/www.elisabetbach.com\/es\/wp-json\/wp\/v2\/pages"}],"about":[{"href":"https:\/\/www.elisabetbach.com\/es\/wp-json\/wp\/v2\/types\/page"}],"author":[{"embeddable":true,"href":"https:\/\/www.elisabetbach.com\/es\/wp-json\/wp\/v2\/users\/1"}],"replies":[{"embeddable":true,"href":"https:\/\/www.elisabetbach.com\/es\/wp-json\/wp\/v2\/comments?post=4928"}],"version-history":[{"count":2,"href":"https:\/\/www.elisabetbach.com\/es\/wp-json\/wp\/v2\/pages\/4928\/revisions"}],"predecessor-version":[{"id":4944,"href":"https:\/\/www.elisabetbach.com\/es\/wp-json\/wp\/v2\/pages\/4928\/revisions\/4944"}],"up":[{"embeddable":true,"href":"https:\/\/www.elisabetbach.com\/es\/wp-json\/wp\/v2\/pages\/4907"}],"wp:attachment":[{"href":"https:\/\/www.elisabetbach.com\/es\/wp-json\/wp\/v2\/media?parent=4928"}],"curies":[{"name":"wp","href":"https:\/\/api.w.org\/{rel}","templated":true}]}}