{"id":6547,"date":"2019-05-09T09:48:54","date_gmt":"2019-05-09T09:48:54","guid":{"rendered":"https:\/\/www.elisabetbach.com\/prismaway\/"},"modified":"2019-10-02T10:18:49","modified_gmt":"2019-10-02T10:18:49","slug":"prismaway","status":"publish","type":"page","link":"https:\/\/www.elisabetbach.com\/es\/prismaway\/","title":{"rendered":"PRISMAWAY&#x2122;"},"content":{"rendered":"<div class=\"wpb-content-wrapper\"><p>[vc_row full_width=\u00bbstretch_row_content_no_spaces\u00bb content_placement=\u00bbmiddle\u00bb css=\u00bb.vc_custom_1557396252082{margin-top: 0px !important;margin-bottom: 0px !important;padding-top: 100px !important;padding-bottom: 100px !important;background-image: url(https:\/\/www.elisabetbach.com\/wp-content\/uploads\/2019\/05\/prismaway.jpg?id=6478) !important;}\u00bb][vc_column width=\u00bb1\/6&#8243; css=\u00bb.vc_custom_1555580814457{margin-top: 0px !important;margin-bottom: 0px !important;padding-top: 0px !important;padding-bottom: 0px !important;}\u00bb][\/vc_column][vc_column width=\u00bb2\/3&#8243; css=\u00bb.vc_custom_1555580909828{margin-top: 0px !important;margin-bottom: 0px !important;padding-top: 0px !important;padding-right: 30px !important;padding-bottom: 0px !important;padding-left: 30px !important;}\u00bb][vc_column_text]<\/p>\n<h1 style=\"text-align: center;\"><span style=\"color: #ffffff;\">PRISMAWAY&#x2122;<\/span><\/h1>\n<h3 style=\"text-align: center;\"><span style=\"color: #ffffff;\"><em>Con PRISMAWAY&#x2122; te ayudaremos a aclarar, planificar y organizar tus ideas para desarrollarlas e implementarlas en tu negocio.<\/em><\/span><\/h3>\n<p>[\/vc_column_text][vc_column_text css=\u00bb.vc_custom_1558430174170{padding-right: 30px !important;}\u00bb]<\/p>\n<p style=\"text-align: center;\"><span style=\"color: #ffffff;\">PRISMAWAY &#x2122; es una metodolog\u00eda innovadora, r\u00e1pida y eficaz para trabajar la estrategia de crecimiento de negocios de personas aut\u00f3nomas y microempresas.<\/span><\/p>\n<p>[\/vc_column_text][\/vc_column][vc_column width=\u00bb1\/6&#8243;][\/vc_column][\/vc_row][vc_row full_width=\u00bbstretch_row\u00bb css=\u00bb.vc_custom_1557399071070{padding-top: 20px !important;padding-bottom: 40px !important;background-color: #eeeeee !important;}\u00bb][vc_column width=\u00bb1\/2&#8243;]<div class=\"list_item lists_2 clearfix\"><div class=\"list_left list_icon\"><i class=\"icon-check\" aria-hidden=\"true\"><\/i><\/div><div class=\"list_right\"><div class=\"desc\">Es el resultado de 10 a\u00f1os de experiencia, pr\u00e1ctica e investigaci\u00f3n de los mejores procesos y herramientas de gesti\u00f3n empresarial y adaptarlos al \u00e1mbito de la persona aut\u00f3noma y en la microempresa<\/div><\/div><\/div>\n<div class=\"list_item lists_2 clearfix\"><div class=\"list_left list_icon\"><i class=\"icon-check\" aria-hidden=\"true\"><\/i><\/div><div class=\"list_right\"><div class=\"desc\">Te permite acelerar el proceso de planificaci\u00f3n y puesta en marcha de acciones de crecimiento de tu empresa.<\/div><\/div><\/div>\n[\/vc_column][vc_column width=\u00bb1\/2&#8243;]<div class=\"list_item lists_2 clearfix\"><div class=\"list_left list_icon\"><i class=\"icon-check\" aria-hidden=\"true\"><\/i><\/div><div class=\"list_right\"><div class=\"desc\">Te ayuda a clarificar y organizar tus ideas, sean las que sean<\/div><\/div><\/div>\n<div class=\"list_item lists_2 clearfix\"><div class=\"list_left list_icon\"><i class=\"icon-check\" aria-hidden=\"true\"><\/i><\/div><div class=\"list_right\"><div class=\"desc\">Simplifica el proceso de reflexi\u00f3n y an\u00e1lisis de toda tu empresa<\/div><\/div><\/div>\n<div class=\"list_item lists_2 clearfix\"><div class=\"list_left list_icon\"><i class=\"icon-check\" aria-hidden=\"true\"><\/i><\/div><div class=\"list_right\"><div class=\"desc\">Ayuda a que tu empresa crezca con m\u00e1s garant\u00edas de \u00e9xito<\/div><\/div><\/div>\n[\/vc_column][\/vc_row][vc_row css=\u00bb.vc_custom_1555580152966{padding-top: 20px !important;padding-bottom: 40px !important;}\u00bb][vc_column width=\u00bb1\/6&#8243;][\/vc_column][vc_column width=\u00bb2\/3&#8243;][vc_icon icon_fontawesome=\u00bbfa fa-diamond\u00bb color=\u00bbchino\u00bb size=\u00bbxl\u00bb align=\u00bbcenter\u00bb][vc_column_text]<\/p>\n<p style=\"text-align: center;\">Este modelo innovador se llama prisma porque es una figura formada por pol\u00edgonos iguales medidos por varios paralelogramos que permiten estudiar cada parte.<\/p>\n<p style=\"text-align: center;\">El conjunto es un cuerpo pero podemos estudiar cada una de sus partes, que es lo que hacemos con tu empresa. De esta manera aumentamos la eficacia del an\u00e1lisis y de la puesta en marcha de acciones.<\/p>\n<p style=\"text-align: center;\">No dejes que el crecimiento ponga en juego la viabilidad de tu negocio. Con <strong>PRISMAWAY&#x2122;<\/strong>\u00a0mejorar\u00e1s la gesti\u00f3n y el logro de tus objetivos<\/p>\n<p>[\/vc_column_text][\/vc_column][vc_column width=\u00bb1\/6&#8243;][\/vc_column][\/vc_row][vc_row full_width=\u00bbstretch_row\u00bb css=\u00bb.vc_custom_1557399219790{padding-top: 60px !important;padding-bottom: 60px !important;background-color: #eeeeee !important;}\u00bb][vc_column width=\u00bb2\/3&#8243;][vc_column_text]<\/p>\n<h4>Nuestra metodolog\u00eda es innovadora por su enfoque. Utiliza herramientas reconocidas mundialmente como DAFO, Canvas o planes econ\u00f3micos financieros de forma creativa y \u00fanica para situar a la persona y al mercado en el centro<\/h4>\n<p><strong>PRISMAWAY&#x2122; <\/strong>es una metodolog\u00eda que te permite avanzar desde el momento cero, aunque no tengas conocimientos de gesti\u00f3n. Nos permite tener una visi\u00f3n del conjunto y de las partes.<\/p>\n<p><strong>PRISMAWAY&#x2122;<\/strong>\u00a0ha sido desarrollada pensando en personas que quieran impulsar su negocio, con ideas o con ganas de hacer cambios. Esta metodolog\u00eda te proporcionar\u00e1 herramientas que potenciar\u00e1n tu pensamiento cr\u00edtico y te ayudar\u00e1n a ordenar, valorar y priorizar tareas para tener una gesti\u00f3n eficaz y eficiente del crecimiento de tu empresa.[\/vc_column_text][\/vc_column][vc_column width=\u00bb1\/3&#8243;][vc_single_image image=\u00bb6506&#8243; img_size=\u00bbfull\u00bb][\/vc_column][\/vc_row][vc_row css=\u00bb.vc_custom_1557397971714{padding-top: 60px !important;padding-bottom: 60px !important;}\u00bb][vc_column width=\u00bb1\/2&#8243;][vc_column_text]<\/p>\n<h3>PRISMAWAY&#x2122; te permitir\u00e1 enfocarte en tu negocio y mejorar la gesti\u00f3n del crecimiento para conseguir tus objetivos, de manera ordenada<\/h3>\n<p>[\/vc_column_text][vc_column_text]PRISMAWAY&#x2122; est\u00e1 dise\u00f1ada para las empresas del presente que quieran liderar el futuro. Ahora, cualquier emprendedor o negocio puede utilizar las herramientas de planificaci\u00f3n empresarial para gestionar el crecimiento de su empresa, est\u00e9 en la situaci\u00f3n en que est\u00e9.[\/vc_column_text][\/vc_column][vc_column width=\u00bb1\/2&#8243;]<div class=\"infobox\" ><h3 class=\"title \">PRISMAWAY&#x2122; es para ti si tienes una microempresa en crecimiento y<\/h3><div class=\"infobox_wrapper\"><span class=\"ib-desc\"><\/p>\n<ul>\n<li>Sientes que te est\u00e1 desbordando<\/li>\n<li>Si las partes no te dejan ver el conjunto<\/li>\n<li>Sientes que sufres cuando deber\u00edas gozarla<\/li>\n<li>Sientes que est\u00e1s tocando techo<\/li>\n<\/ul>\n<p><\/span><\/div><\/div>\n[\/vc_column][\/vc_row][vc_row full_width=\u00bbstretch_row\u00bb css=\u00bb.vc_custom_1557396513693{padding-top: 60px !important;padding-bottom: 60px !important;background-image: url(https:\/\/www.elisabetbach.com\/wp-content\/uploads\/2019\/04\/serveis1.jpg?id=6312) !important;}\u00bb][vc_column][vc_column_text]<\/p>\n<h3 style=\"text-align: center;\"><span style=\"color: #ffffff;\">Un d\u00eda tuviste un sue\u00f1o y lo convertiste en una empresa real.<br \/>\n<\/span><\/h3>\n<h3 style=\"text-align: center;\"><span style=\"color: #ffffff;\">Ahora con PRISMAWAY&#x2122; nosotros te ayudaremos a planificar, gestionar y poner en marcha las acciones m\u00e1s eficaces para que tu sue\u00f1o siga creciendo y mejorando el mundo.<\/span><\/h3>\n<p>[\/vc_column_text][\/vc_column][\/vc_row][vc_row full_width=\u00bbstretch_row_content_no_spaces\u00bb content_placement=\u00bbmiddle\u00bb parallax=\u00bbcontent-moving\u00bb parallax_image=\u00bb6057&#8243; css=\u00bb.vc_custom_1556095084515{border-top-width: 1px !important;padding-top: 40px !important;padding-bottom: 40px !important;border-top-color: #ededed !important;}\u00bb][vc_column width=\u00bb2\/6&#8243;][\/vc_column][vc_column width=\u00bb3\/6&#8243;][vc_column_text]<\/p>\n<h2>Est\u00e1s a un clic de conseguirlo<\/h2>\n<p>[\/vc_column_text]\n<div class=\"wpcf7 no-js\" id=\"wpcf7-f4946-o1\" lang=\"es-ES\" dir=\"ltr\" data-wpcf7-id=\"4946\">\n<div class=\"screen-reader-response\"><p role=\"status\" aria-live=\"polite\" aria-atomic=\"true\"><\/p> <ul><\/ul><\/div>\n<form action=\"\/es\/wp-json\/wp\/v2\/pages\/6547#wpcf7-f4946-o1\" method=\"post\" class=\"wpcf7-form init\" aria-label=\"Formulario de contacto\" novalidate=\"novalidate\" data-status=\"init\">\n<fieldset class=\"hidden-fields-container\"><input type=\"hidden\" name=\"_wpcf7\" value=\"4946\" \/><input type=\"hidden\" name=\"_wpcf7_version\" value=\"6.1.5\" \/><input type=\"hidden\" name=\"_wpcf7_locale\" value=\"es_ES\" \/><input type=\"hidden\" name=\"_wpcf7_unit_tag\" value=\"wpcf7-f4946-o1\" \/><input type=\"hidden\" name=\"_wpcf7_container_post\" value=\"0\" \/><input type=\"hidden\" name=\"_wpcf7_posted_data_hash\" value=\"\" \/><input type=\"hidden\" name=\"_wpcf7_recaptcha_response\" value=\"\" \/>\n<\/fieldset>\n<p><label for=\"nom\">Nombre *<\/label><br \/>\n<span class=\"wpcf7-form-control-wrap\" data-name=\"nom\"><input size=\"40\" maxlength=\"400\" class=\"wpcf7-form-control wpcf7-text wpcf7-validates-as-required\" id=\"nom\" aria-required=\"true\" aria-invalid=\"false\" value=\"Nombre\" type=\"text\" name=\"nom\" \/><\/span>\n<\/p>\n<p><label for=\"correu\">Correo electr\u00f3nico *<\/label><br \/>\n<span class=\"wpcf7-form-control-wrap\" data-name=\"correu\"><input size=\"40\" maxlength=\"400\" class=\"wpcf7-form-control wpcf7-email wpcf7-validates-as-required wpcf7-text wpcf7-validates-as-email\" id=\"correu\" aria-required=\"true\" aria-invalid=\"false\" value=\"Correo electr\u00f3nico\" type=\"email\" name=\"correu\" \/><\/span>\n<\/p>\n<p><label for=\"assumpte\">Asunto *<\/label><br \/>\n<span class=\"wpcf7-form-control-wrap\" data-name=\"assumpte\"><input size=\"40\" maxlength=\"400\" class=\"wpcf7-form-control wpcf7-text wpcf7-validates-as-required\" id=\"assumpte\" aria-required=\"true\" aria-invalid=\"false\" value=\"Asunto\" type=\"text\" name=\"assumpte\" \/><\/span>\n<\/p>\n<p><label for=\"missatge\">Mensaje *<\/label><br \/>\n<span class=\"wpcf7-form-control-wrap\" data-name=\"missatge\"><textarea cols=\"40\" rows=\"10\" maxlength=\"2000\" class=\"wpcf7-form-control wpcf7-textarea wpcf7-validates-as-required\" id=\"missatge\" aria-required=\"true\" aria-invalid=\"false\" name=\"missatge\">Mensaje<\/textarea><\/span>\n<\/p>\n<p><b>CONSENTIMIENTO INFORMADO Y EXPRESO<\/b>\n<\/p>\n<p>ELISABET BACH OLLER, como responsable del tratamiento, tratar\u00e1 tus datos con la finalidad de dar respuesta a tu consulta o petici\u00f3n. La base leg\u00edtima es tu consentimiento el cual puedes revocar en cualquier momento comunic\u00e1ndolo <a href=\"mailto:info@elisabetbach.com\">info@elisabetbach.com<\/a>. No se ceder\u00e1n datos a terceros salvo obligaci\u00f3n legal. Puedes acceder, rectificar y suprimir tus datos, as\u00ed como ejercer otros derechos consultando la informaci\u00f3n adicional y detallada sobre protecci\u00f3n de datos en nuestra <a href=\"\/es\/politica-de-privacidad\/\">Pol\u00edtica de Privacidad<\/a>.\n<\/p>\n<p><span class=\"wpcf7-form-control-wrap\" data-name=\"acceptance\"><span class=\"wpcf7-form-control wpcf7-acceptance\"><span class=\"wpcf7-list-item\"><label><input type=\"checkbox\" name=\"acceptance\" value=\"1\" aria-invalid=\"false\" \/><span class=\"wpcf7-list-item-label\">He le\u00eddo y acepto las condiciones contenidas en la <a href=\"\/es\/politica-de-privacidad\/\">Pol\u00edtica de Privacidad<\/a> sobre el tratamiento de mis datos para gestionar mi consulta o petici\u00f3n. (*)<\/span><\/label><\/span><\/span><\/span>\n<\/p>\n<p><span class=\"wpcf7-form-control-wrap\" data-name=\"newsletter\"><span class=\"wpcf7-form-control wpcf7-acceptance optional\"><span class=\"wpcf7-list-item\"><label><input type=\"checkbox\" name=\"newsletter\" value=\"1\" aria-invalid=\"false\" \/><span class=\"wpcf7-list-item-label\">Nos gustar\u00eda que nos prestaras tu consentimiento para: Enviarte informaci\u00f3n comercial sobre los productos, servicios, novedades de ELISABET BACH OLLER.<\/span><\/label><\/span><\/span><\/span>\n<\/p>\n<p><i>* Campos obligatorios<\/i>\n<\/p>\n\n<p><input class=\"wpcf7-form-control wpcf7-submit has-spinner\" type=\"submit\" value=\"Env\u00eda\" \/>\n<\/p><div class=\"wpcf7-response-output\" aria-hidden=\"true\"><\/div>\n<\/form>\n<\/div>\n[\/vc_column][vc_column width=\u00bb1\/6&#8243;][\/vc_column][\/vc_row]<\/p>\n<\/div>","protected":false},"excerpt":{"rendered":"<p>[vc_row full_width=\u00bbstretch_row_content_no_spaces\u00bb content_placement=\u00bbmiddle\u00bb css=\u00bb.vc_custom_1557396252082{margin-top: 0px !important;margin-bottom: 0px !important;padding-top: 100px !important;padding-bottom: 100px !important;background-image: url(https:\/\/www.elisabetbach.com\/wp-content\/uploads\/2019\/05\/prismaway.jpg?id=6478) !important;}\u00bb][vc_column width=\u00bb1\/6&#8243; css=\u00bb.vc_custom_1555580814457{margin-top: 0px !important;margin-bottom: 0px !important;padding-top: 0px !important;padding-bottom: 0px !important;}\u00bb][\/vc_column][vc_column width=\u00bb2\/3&#8243; css=\u00bb.vc_custom_1555580909828{margin-top:<span class=\"excerpt-hellip\"> [\u2026]<\/span><\/p>\n","protected":false},"author":1,"featured_media":0,"parent":0,"menu_order":0,"comment_status":"closed","ping_status":"closed","template":"","meta":{"footnotes":""},"class_list":["post-6547","page","type-page","status-publish","hentry"],"yoast_head":"<!-- This site is optimized with the Yoast SEO plugin v27.4 - https:\/\/yoast.com\/product\/yoast-seo-wordpress\/ -->\n<title>PRISMAWAY&#x2122; - Elisabet Bach<\/title>\n<meta name=\"robots\" content=\"index, follow, max-snippet:-1, max-image-preview:large, max-video-preview:-1\" \/>\n<link rel=\"canonical\" href=\"https:\/\/www.elisabetbach.com\/es\/prismaway\/\" \/>\n<meta property=\"og:locale\" content=\"es_ES\" \/>\n<meta property=\"og:type\" content=\"article\" \/>\n<meta property=\"og:title\" content=\"PRISMAWAY&#x2122; - Elisabet Bach\" \/>\n<meta property=\"og:description\" content=\"[vc_row full_width=\u00bbstretch_row_content_no_spaces\u00bb content_placement=\u00bbmiddle\u00bb css=\u00bb.vc_custom_1557396252082{margin-top: 0px !important;margin-bottom: 0px !important;padding-top: 100px !important;padding-bottom: 100px !important;background-image: url(https:\/\/www.elisabetbach.com\/wp-content\/uploads\/2019\/05\/prismaway.jpg?id=6478) !important;}\u00bb][vc_column width=\u00bb1\/6&#8243; css=\u00bb.vc_custom_1555580814457{margin-top: 0px !important;margin-bottom: 0px !important;padding-top: 0px !important;padding-bottom: 0px !important;}\u00bb][\/vc_column][vc_column width=\u00bb2\/3&#8243; css=\u00bb.vc_custom_1555580909828{margin-top: [\u2026]\" \/>\n<meta property=\"og:url\" content=\"https:\/\/www.elisabetbach.com\/es\/prismaway\/\" \/>\n<meta property=\"og:site_name\" content=\"Elisabet Bach\" \/>\n<meta property=\"article:publisher\" content=\"https:\/\/www.facebook.com\/elisabetbacholler\/\" \/>\n<meta property=\"article:modified_time\" content=\"2019-10-02T10:18:49+00:00\" \/>\n<meta name=\"twitter:label1\" content=\"Tiempo de lectura\" \/>\n\t<meta name=\"twitter:data1\" content=\"4 minutos\" \/>\n<script type=\"application\/ld+json\" class=\"yoast-schema-graph\">{\"@context\":\"https:\\\/\\\/schema.org\",\"@graph\":[{\"@type\":\"WebPage\",\"@id\":\"https:\\\/\\\/www.elisabetbach.com\\\/es\\\/prismaway\\\/\",\"url\":\"https:\\\/\\\/www.elisabetbach.com\\\/es\\\/prismaway\\\/\",\"name\":\"PRISMAWAY&#x2122; - Elisabet Bach\",\"isPartOf\":{\"@id\":\"https:\\\/\\\/www.elisabetbach.com\\\/#website\"},\"datePublished\":\"2019-05-09T09:48:54+00:00\",\"dateModified\":\"2019-10-02T10:18:49+00:00\",\"breadcrumb\":{\"@id\":\"https:\\\/\\\/www.elisabetbach.com\\\/es\\\/prismaway\\\/#breadcrumb\"},\"inLanguage\":\"es\",\"potentialAction\":[{\"@type\":\"ReadAction\",\"target\":[\"https:\\\/\\\/www.elisabetbach.com\\\/es\\\/prismaway\\\/\"]}]},{\"@type\":\"BreadcrumbList\",\"@id\":\"https:\\\/\\\/www.elisabetbach.com\\\/es\\\/prismaway\\\/#breadcrumb\",\"itemListElement\":[{\"@type\":\"ListItem\",\"position\":1,\"name\":\"Inici\",\"item\":\"https:\\\/\\\/www.elisabetbach.com\\\/es\\\/\"},{\"@type\":\"ListItem\",\"position\":2,\"name\":\"PRISMAWAY&#x2122;\"}]},{\"@type\":\"WebSite\",\"@id\":\"https:\\\/\\\/www.elisabetbach.com\\\/#website\",\"url\":\"https:\\\/\\\/www.elisabetbach.com\\\/\",\"name\":\"Elisabet Bach\",\"description\":\"Consultora Econ\u00f3mica y Financiera\",\"publisher\":{\"@id\":\"https:\\\/\\\/www.elisabetbach.com\\\/#organization\"},\"potentialAction\":[{\"@type\":\"SearchAction\",\"target\":{\"@type\":\"EntryPoint\",\"urlTemplate\":\"https:\\\/\\\/www.elisabetbach.com\\\/?s={search_term_string}\"},\"query-input\":{\"@type\":\"PropertyValueSpecification\",\"valueRequired\":true,\"valueName\":\"search_term_string\"}}],\"inLanguage\":\"es\"},{\"@type\":\"Organization\",\"@id\":\"https:\\\/\\\/www.elisabetbach.com\\\/#organization\",\"name\":\"Elisabet Bach\",\"url\":\"https:\\\/\\\/www.elisabetbach.com\\\/\",\"logo\":{\"@type\":\"ImageObject\",\"inLanguage\":\"es\",\"@id\":\"https:\\\/\\\/www.elisabetbach.com\\\/#\\\/schema\\\/logo\\\/image\\\/\",\"url\":\"https:\\\/\\\/www.elisabetbach.com\\\/wp-content\\\/uploads\\\/2014\\\/03\\\/logo.png\",\"contentUrl\":\"https:\\\/\\\/www.elisabetbach.com\\\/wp-content\\\/uploads\\\/2014\\\/03\\\/logo.png\",\"width\":308,\"height\":49,\"caption\":\"Elisabet Bach\"},\"image\":{\"@id\":\"https:\\\/\\\/www.elisabetbach.com\\\/#\\\/schema\\\/logo\\\/image\\\/\"},\"sameAs\":[\"https:\\\/\\\/www.facebook.com\\\/elisabetbacholler\\\/\",\"https:\\\/\\\/x.com\\\/elisabet_bach\",\"https:\\\/\\\/www.linkedin.com\\\/in\\\/elisabetbachconsultant\\\/\",\"https:\\\/\\\/www.youtube.com\\\/channel\\\/UCaoleye0jmPoR0_FLWsGa8Q\"]}]}<\/script>\n<!-- \/ Yoast SEO plugin. -->","yoast_head_json":{"title":"PRISMAWAY&#x2122; - Elisabet Bach","robots":{"index":"index","follow":"follow","max-snippet":"max-snippet:-1","max-image-preview":"max-image-preview:large","max-video-preview":"max-video-preview:-1"},"canonical":"https:\/\/www.elisabetbach.com\/es\/prismaway\/","og_locale":"es_ES","og_type":"article","og_title":"PRISMAWAY&#x2122; - Elisabet Bach","og_description":"[vc_row full_width=\u00bbstretch_row_content_no_spaces\u00bb content_placement=\u00bbmiddle\u00bb css=\u00bb.vc_custom_1557396252082{margin-top: 0px !important;margin-bottom: 0px !important;padding-top: 100px !important;padding-bottom: 100px !important;background-image: url(https:\/\/www.elisabetbach.com\/wp-content\/uploads\/2019\/05\/prismaway.jpg?id=6478) !important;}\u00bb][vc_column width=\u00bb1\/6&#8243; css=\u00bb.vc_custom_1555580814457{margin-top: 0px !important;margin-bottom: 0px !important;padding-top: 0px !important;padding-bottom: 0px !important;}\u00bb][\/vc_column][vc_column width=\u00bb2\/3&#8243; css=\u00bb.vc_custom_1555580909828{margin-top: [\u2026]","og_url":"https:\/\/www.elisabetbach.com\/es\/prismaway\/","og_site_name":"Elisabet Bach","article_publisher":"https:\/\/www.facebook.com\/elisabetbacholler\/","article_modified_time":"2019-10-02T10:18:49+00:00","twitter_misc":{"Tiempo de lectura":"4 minutos"},"schema":{"@context":"https:\/\/schema.org","@graph":[{"@type":"WebPage","@id":"https:\/\/www.elisabetbach.com\/es\/prismaway\/","url":"https:\/\/www.elisabetbach.com\/es\/prismaway\/","name":"PRISMAWAY&#x2122; - Elisabet Bach","isPartOf":{"@id":"https:\/\/www.elisabetbach.com\/#website"},"datePublished":"2019-05-09T09:48:54+00:00","dateModified":"2019-10-02T10:18:49+00:00","breadcrumb":{"@id":"https:\/\/www.elisabetbach.com\/es\/prismaway\/#breadcrumb"},"inLanguage":"es","potentialAction":[{"@type":"ReadAction","target":["https:\/\/www.elisabetbach.com\/es\/prismaway\/"]}]},{"@type":"BreadcrumbList","@id":"https:\/\/www.elisabetbach.com\/es\/prismaway\/#breadcrumb","itemListElement":[{"@type":"ListItem","position":1,"name":"Inici","item":"https:\/\/www.elisabetbach.com\/es\/"},{"@type":"ListItem","position":2,"name":"PRISMAWAY&#x2122;"}]},{"@type":"WebSite","@id":"https:\/\/www.elisabetbach.com\/#website","url":"https:\/\/www.elisabetbach.com\/","name":"Elisabet Bach","description":"Consultora Econ\u00f3mica y Financiera","publisher":{"@id":"https:\/\/www.elisabetbach.com\/#organization"},"potentialAction":[{"@type":"SearchAction","target":{"@type":"EntryPoint","urlTemplate":"https:\/\/www.elisabetbach.com\/?s={search_term_string}"},"query-input":{"@type":"PropertyValueSpecification","valueRequired":true,"valueName":"search_term_string"}}],"inLanguage":"es"},{"@type":"Organization","@id":"https:\/\/www.elisabetbach.com\/#organization","name":"Elisabet Bach","url":"https:\/\/www.elisabetbach.com\/","logo":{"@type":"ImageObject","inLanguage":"es","@id":"https:\/\/www.elisabetbach.com\/#\/schema\/logo\/image\/","url":"https:\/\/www.elisabetbach.com\/wp-content\/uploads\/2014\/03\/logo.png","contentUrl":"https:\/\/www.elisabetbach.com\/wp-content\/uploads\/2014\/03\/logo.png","width":308,"height":49,"caption":"Elisabet Bach"},"image":{"@id":"https:\/\/www.elisabetbach.com\/#\/schema\/logo\/image\/"},"sameAs":["https:\/\/www.facebook.com\/elisabetbacholler\/","https:\/\/x.com\/elisabet_bach","https:\/\/www.linkedin.com\/in\/elisabetbachconsultant\/","https:\/\/www.youtube.com\/channel\/UCaoleye0jmPoR0_FLWsGa8Q"]}]}},"_links":{"self":[{"href":"https:\/\/www.elisabetbach.com\/es\/wp-json\/wp\/v2\/pages\/6547","targetHints":{"allow":["GET"]}}],"collection":[{"href":"https:\/\/www.elisabetbach.com\/es\/wp-json\/wp\/v2\/pages"}],"about":[{"href":"https:\/\/www.elisabetbach.com\/es\/wp-json\/wp\/v2\/types\/page"}],"author":[{"embeddable":true,"href":"https:\/\/www.elisabetbach.com\/es\/wp-json\/wp\/v2\/users\/1"}],"replies":[{"embeddable":true,"href":"https:\/\/www.elisabetbach.com\/es\/wp-json\/wp\/v2\/comments?post=6547"}],"version-history":[{"count":4,"href":"https:\/\/www.elisabetbach.com\/es\/wp-json\/wp\/v2\/pages\/6547\/revisions"}],"predecessor-version":[{"id":6987,"href":"https:\/\/www.elisabetbach.com\/es\/wp-json\/wp\/v2\/pages\/6547\/revisions\/6987"}],"wp:attachment":[{"href":"https:\/\/www.elisabetbach.com\/es\/wp-json\/wp\/v2\/media?parent=6547"}],"curies":[{"name":"wp","href":"https:\/\/api.w.org\/{rel}","templated":true}]}}